{"id":102,"date":"2022-08-29T00:28:31","date_gmt":"2022-08-29T00:28:31","guid":{"rendered":"https:\/\/hoi.vietbilingual.org\/?page_id=102"},"modified":"2022-10-04T07:03:32","modified_gmt":"2022-10-04T07:03:32","slug":"chuong-trinh-a","status":"publish","type":"page","link":"https:\/\/hoi.vietbilingual.org\/index.php\/chuong-trinh-a\/","title":{"rendered":"Ch\u01b0\u01a1ng Tr\u00ecnh A"},"content":{"rendered":"\t\t<div data-elementor-type=\"wp-page\" data-elementor-id=\"102\" class=\"elementor elementor-102\">\n\t\t\t\t\t\t\t\t\t<section class=\"elementor-section elementor-top-section elementor-element elementor-element-be1304b elementor-section-boxed elementor-section-height-default elementor-section-height-default\" data-id=\"be1304b\" data-element_type=\"section\">\n\t\t\t\t\t\t<div class=\"elementor-container elementor-column-gap-default\">\n\t\t\t\t\t<div class=\"elementor-column elementor-col-100 elementor-top-column elementor-element elementor-element-32ea9c6\" data-id=\"32ea9c6\" data-element_type=\"column\">\n\t\t\t<div class=\"elementor-widget-wrap elementor-element-populated\">\n\t\t\t\t\t\t\t\t<div class=\"elementor-element elementor-element-1052416 elementor-widget elementor-widget-heading\" data-id=\"1052416\" data-element_type=\"widget\" data-widget_type=\"heading.default\">\n\t\t\t\t<div class=\"elementor-widget-container\">\n\t\t\t<style>\/*! elementor - v3.7.8 - 02-10-2022 *\/\n.elementor-heading-title{padding:0;margin:0;line-height:1}.elementor-widget-heading .elementor-heading-title[class*=elementor-size-]>a{color:inherit;font-size:inherit;line-height:inherit}.elementor-widget-heading .elementor-heading-title.elementor-size-small{font-size:15px}.elementor-widget-heading .elementor-heading-title.elementor-size-medium{font-size:19px}.elementor-widget-heading .elementor-heading-title.elementor-size-large{font-size:29px}.elementor-widget-heading .elementor-heading-title.elementor-size-xl{font-size:39px}.elementor-widget-heading .elementor-heading-title.elementor-size-xxl{font-size:59px}<\/style><h1 class=\"elementor-heading-title elementor-size-default\">Ng\u00f4n ng\u1eef v\u00e0 Gi\u00e1o d\u1ee5c Ng\u00f4n ng\u1eef nh\u01b0 m\u1ed9t th\u1ef1c h\u00e0nh \u0111\u1ecba ph\u01b0\u01a1ng\n\n<\/h1>\t\t<\/div>\n\t\t\t\t<\/div>\n\t\t\t\t\t<\/div>\n\t\t<\/div>\n\t\t\t\t\t\t\t<\/div>\n\t\t<\/section>\n\t\t\t\t<section class=\"elementor-section elementor-top-section elementor-element elementor-element-de5b2dc elementor-section-boxed elementor-section-height-default elementor-section-height-default\" data-id=\"de5b2dc\" data-element_type=\"section\">\n\t\t\t\t\t\t<div class=\"elementor-container elementor-column-gap-default\">\n\t\t\t\t\t<div class=\"elementor-column elementor-col-100 elementor-top-column elementor-element elementor-element-b0c3319\" data-id=\"b0c3319\" data-element_type=\"column\">\n\t\t\t<div class=\"elementor-widget-wrap elementor-element-populated\">\n\t\t\t\t\t\t\t\t<div class=\"elementor-element elementor-element-d4917da elementor-widget elementor-widget-text-editor\" data-id=\"d4917da\" data-element_type=\"widget\" data-widget_type=\"text-editor.default\">\n\t\t\t\t<div class=\"elementor-widget-container\">\n\t\t\t<style>\/*! elementor - v3.7.8 - 02-10-2022 *\/\n.elementor-widget-text-editor.elementor-drop-cap-view-stacked .elementor-drop-cap{background-color:#818a91;color:#fff}.elementor-widget-text-editor.elementor-drop-cap-view-framed .elementor-drop-cap{color:#818a91;border:3px solid;background-color:transparent}.elementor-widget-text-editor:not(.elementor-drop-cap-view-default) .elementor-drop-cap{margin-top:8px}.elementor-widget-text-editor:not(.elementor-drop-cap-view-default) .elementor-drop-cap-letter{width:1em;height:1em}.elementor-widget-text-editor .elementor-drop-cap{float:left;text-align:center;line-height:1;font-size:50px}.elementor-widget-text-editor .elementor-drop-cap-letter{display:inline-block}<\/style>\t\t\t\t<h3><b>Ch\u01b0\u01a1ng Tr\u00ecnh&nbsp;A<\/b><\/h3>\n<p><b>10:00AM \u2013 11:00AM<\/b><\/p>\n<p>Th\u00e1ch th\u1ee9c nh\u1eefng quan \u0111i\u1ec3m th\u1ed1ng tr\u1ecb v\u1ec1 \u2018ng\u00f4n ng\u1eef\u2019 v\u1ed1n ch\u1ec9 \u0111\u01a1n gi\u1ea3n coi n\u00f3 l\u00e0 c\u00e1c h\u1ec7 th\u1ed1ng quy t\u1eafc ho\u1eb7c cho c\u00e1c ph\u01b0\u01a1ng ti\u1ec7n c\u00f4ng c\u1ee5 v\u00e0 kinh t\u1ebf, bu\u1ed5i h\u1ed9i th\u1ea3o n\u00e0y n\u00eau b\u1eadt nhi\u1ec1u c\u00e1ch kh\u00e1c nhau trong \u0111\u00f3 nhi\u1ec1u ng\u00f4n ng\u1eef \u0111\u01b0\u1ee3c m\u1ecdi ng\u01b0\u1eddi trong c\u00e1c c\u1ed9ng \u0111\u1ed3ng kh\u00e1c nhau tr\u00ean kh\u1eafp n\u01b0\u1edbc \u00dac s\u1eed d\u1ee5ng v\u00e0 hi\u1ec3u. D\u1ef1a tr\u00ean nh\u1eefng quan \u0111i\u1ec3m c\u1ed9ng \u0111\u1ed3ng v\u1ec1 ng\u00f4n ng\u1eef, c\u00e1c tham lu\u1eadn vi\u00ean th\u1ea3o lu\u1eadn v\u1ec1 t\u1ea7m quan tr\u1ecdng c\u1ee7a vi\u1ec7c hi\u1ec3u &#8216;ng\u00f4n ng\u1eef nh\u01b0 m\u1ed9t th\u00f3i quen th\u1ef1c h\u00e0nh \u0111\u1ecba ph\u01b0\u01a1ng&#8217; v\u00e0 quan \u0111i\u1ec3m nh\u01b0 v\u1eady c\u00f3 \u00fd ngh\u0129a g\u00ec \u0111\u1ed1i v\u1edbi c\u00e1c nh\u00e0 gi\u00e1o d\u1ee5c ng\u00f4n ng\u1eef v\u00e0 \u0111\u1ecdc vi\u1ebft \u0111\u1ec3 h\u1ed7 tr\u1ee3 c\u00e1c ti\u1ebft m\u1ee5c v\u0103n h\u00f3a v\u00e0 ng\u00f4n ng\u1eef quan tr\u1ecdng c\u1ee7a c\u00e1c c\u1ed9ng \u0111\u1ed3ng \u0111a d\u1ea1ng c\u1ee7a \u00dac.<\/p>\t\t\t\t\t\t<\/div>\n\t\t\t\t<\/div>\n\t\t\t\t\t<\/div>\n\t\t<\/div>\n\t\t\t\t\t\t\t<\/div>\n\t\t<\/section>\n\t\t\t\t<section class=\"elementor-section elementor-top-section elementor-element elementor-element-45a64ca elementor-section-boxed elementor-section-height-default elementor-section-height-default\" data-id=\"45a64ca\" data-element_type=\"section\">\n\t\t\t\t\t\t<div class=\"elementor-container elementor-column-gap-default\">\n\t\t\t\t\t<div class=\"elementor-column elementor-col-33 elementor-top-column elementor-element elementor-element-1bc245f\" data-id=\"1bc245f\" data-element_type=\"column\">\n\t\t\t<div class=\"elementor-widget-wrap elementor-element-populated\">\n\t\t\t\t\t\t\t\t<div class=\"elementor-element elementor-element-2468e85 elementor-widget elementor-widget-image\" data-id=\"2468e85\" data-element_type=\"widget\" data-widget_type=\"image.default\">\n\t\t\t\t<div class=\"elementor-widget-container\">\n\t\t\t<style>\/*! elementor - v3.7.8 - 02-10-2022 *\/\n.elementor-widget-image{text-align:center}.elementor-widget-image a{display:inline-block}.elementor-widget-image a img[src$=\".svg\"]{width:48px}.elementor-widget-image img{vertical-align:middle;display:inline-block}<\/style>\t\t\t\t\t\t\t\t\t\t\t\t<img width=\"300\" height=\"300\" src=\"https:\/\/hoi.vietbilingual.org\/wp-content\/uploads\/2022\/08\/Julie-Pic-300x300.jpg\" class=\"attachment-medium size-medium\" alt=\"\" loading=\"lazy\" srcset=\"https:\/\/hoi.vietbilingual.org\/wp-content\/uploads\/2022\/08\/Julie-Pic-300x300.jpg 300w, https:\/\/hoi.vietbilingual.org\/wp-content\/uploads\/2022\/08\/Julie-Pic-150x150.jpg 150w, https:\/\/hoi.vietbilingual.org\/wp-content\/uploads\/2022\/08\/Julie-Pic.jpg 646w\" sizes=\"(max-width: 300px) 100vw, 300px\" \/>\t\t\t\t\t\t\t\t\t\t\t\t\t\t\t<\/div>\n\t\t\t\t<\/div>\n\t\t\t\t\t<\/div>\n\t\t<\/div>\n\t\t\t\t<div class=\"elementor-column elementor-col-66 elementor-top-column elementor-element elementor-element-794abd9\" data-id=\"794abd9\" data-element_type=\"column\">\n\t\t\t<div class=\"elementor-widget-wrap elementor-element-populated\">\n\t\t\t\t\t\t\t\t<div class=\"elementor-element elementor-element-141d856 elementor-widget elementor-widget-text-editor\" data-id=\"141d856\" data-element_type=\"widget\" data-widget_type=\"text-editor.default\">\n\t\t\t\t<div class=\"elementor-widget-container\">\n\t\t\t\t\t\t\t<h3><b>Dr Julie Choi<br \/><\/b><\/h3><p>Julie l\u00e0 Gi\u1ea3ng vi\u00ean Th\u00e2m ni\u00ean v\u1ec1 Gi\u00e1o d\u1ee5c (Ng\u00f4n ng\u1eef B\u1ed5 sung) t\u1ea1i Tr\u01b0\u1eddng Gi\u00e1o d\u1ee5c H\u1eadu \u0111\u1ea1i h\u1ecdc Melbourne. C\u00f4 l\u00e0 \u0111\u1ed3ng bi\u00ean t\u1eadp c\u1ee7a c\u00e1c cu\u1ed1n s\u00e1ch \u2018Ng\u00f4n ng\u1eef v\u00e0 V\u0103n h\u00f3a: Nh\u1eefng c\u00e2u chuy\u1ec7n Ph\u1ea3n \u00e1nh v\u00e0 S\u1ef1 Xu\u1ea5t hi\u1ec7n c\u1ee7a B\u1ea3n s\u1eafc\u2019, \u2018Ch\u1ee7 ngh\u0129a \u0110a ng\u00f4n ng\u1eef trong D\u1ea1y v\u00e0 H\u1ecdc: S\u1ef1 ph\u1ee9c t\u1ea1p tr\u00ean kh\u1eafp c\u00e1c B\u1ed1i c\u1ea3nh\u2019, v\u00e0 l\u00e0 t\u00e1c gi\u1ea3 c\u1ee7a cu\u1ed1n s\u00e1ch \u2018T\u1ea1o ra b\u1ea3n th\u00e2n \u0110a \u0111i\u1ec3m: T\u1ef1 thu\u1eadt nh\u01b0 ph\u01b0\u01a1ng ph\u00e1p\u2019. Julie d\u1eabn \u0111\u1ea7u l\u0129nh v\u1ef1c h\u1ecdc t\u1eadp TESOL trong ch\u01b0\u01a1ng tr\u00ecnh Cao h\u1ecdc Gi\u1ea3ng d\u1ea1y v\u00e0 c\u00e1c m\u00f4n h\u1ecdc gi\u00e1o d\u1ee5c d\u00e0nh cho gi\u00e1o vi\u00ean ng\u00f4n ng\u1eef chuy\u00ean nghi\u1ec7p trong ch\u01b0\u01a1ng tr\u00ecnh Cao h\u1ecdc TESOL t\u1ea1i Tr\u01b0\u1eddng S\u01b0 ph\u1ea1m H\u1eadu \u0111\u1ea1i h\u1ecdc Melbourne. C\u00e1c m\u1ed1i quan t\u00e2m gi\u1ea3ng d\u1ea1y v\u00e0 nghi\u00ean c\u1ee9u hi\u1ec7n t\u1ea1i c\u1ee7a Julie t\u1eadp trung v\u00e0o vi\u1ec7c h\u1ecdc ng\u00f4n ng\u1eef d\u1ef1a tr\u00ean c\u1ed9ng \u0111\u1ed3ng v\u00e0 ngh\u1ec7 thu\u1eadt, t\u00ednh s\u00e1ng t\u1ea1o v\u00e0 t\u00ednh ph\u1ea3n bi\u1ec7n trong c\u00e1c ph\u01b0\u01a1ng ph\u00e1p s\u01b0 ph\u1ea1m ng\u00f4n ng\u1eef v\u00e0 \u0111\u1ecdc vi\u1ebft s\u1eed d\u1ee5ng c\u00f4ng ngh\u1ec7 \u0111a ng\u00f4n ng\u1eef, \u0111a ph\u01b0\u01a1ng th\u1ee9c, \u0111a ph\u01b0\u01a1ng ti\u1ec7n v\u00e0 k\u1ef9 thu\u1eadt s\u1ed1 c\u0169ng nh\u01b0 c\u00e1c ph\u01b0\u01a1ng ph\u00e1p t\u1ef1 ph\u1ea3n x\u1ea1 trong nghi\u00ean c\u1ee9u d\u00e2n t\u1ed9c h\u1ecdc.<\/p>\t\t\t\t\t\t<\/div>\n\t\t\t\t<\/div>\n\t\t\t\t\t<\/div>\n\t\t<\/div>\n\t\t\t\t\t\t\t<\/div>\n\t\t<\/section>\n\t\t\t\t<section class=\"elementor-section elementor-top-section elementor-element elementor-element-e7be983 elementor-section-boxed elementor-section-height-default elementor-section-height-default\" data-id=\"e7be983\" data-element_type=\"section\">\n\t\t\t\t\t\t<div class=\"elementor-container elementor-column-gap-default\">\n\t\t\t\t\t<div class=\"elementor-column elementor-col-33 elementor-top-column elementor-element elementor-element-ba3e945\" data-id=\"ba3e945\" data-element_type=\"column\">\n\t\t\t<div class=\"elementor-widget-wrap elementor-element-populated\">\n\t\t\t\t\t\t\t\t<div class=\"elementor-element elementor-element-b166c60 elementor-widget elementor-widget-image\" data-id=\"b166c60\" data-element_type=\"widget\" data-widget_type=\"image.default\">\n\t\t\t\t<div class=\"elementor-widget-container\">\n\t\t\t\t\t\t\t\t\t\t\t\t\t\t\t<img width=\"300\" height=\"300\" src=\"https:\/\/hoi.vietbilingual.org\/wp-content\/uploads\/2022\/08\/Phuong-Nghi-300x300.jpg\" class=\"attachment-medium size-medium\" alt=\"\" loading=\"lazy\" srcset=\"https:\/\/hoi.vietbilingual.org\/wp-content\/uploads\/2022\/08\/Phuong-Nghi-300x300.jpg 300w, https:\/\/hoi.vietbilingual.org\/wp-content\/uploads\/2022\/08\/Phuong-Nghi-150x150.jpg 150w, https:\/\/hoi.vietbilingual.org\/wp-content\/uploads\/2022\/08\/Phuong-Nghi.jpg 646w\" sizes=\"(max-width: 300px) 100vw, 300px\" \/>\t\t\t\t\t\t\t\t\t\t\t\t\t\t\t<\/div>\n\t\t\t\t<\/div>\n\t\t\t\t\t<\/div>\n\t\t<\/div>\n\t\t\t\t<div class=\"elementor-column elementor-col-66 elementor-top-column elementor-element elementor-element-126dc21\" data-id=\"126dc21\" data-element_type=\"column\">\n\t\t\t<div class=\"elementor-widget-wrap elementor-element-populated\">\n\t\t\t\t\t\t\t\t<div class=\"elementor-element elementor-element-582f7d7 elementor-widget elementor-widget-text-editor\" data-id=\"582f7d7\" data-element_type=\"widget\" data-widget_type=\"text-editor.default\">\n\t\t\t\t<div class=\"elementor-widget-container\">\n\t\t\t\t\t\t\t<h3><b>Phuong-Nghi Le-Pham<br \/><\/b><\/h3><p>Phuong-Nghi l\u00e0 m\u1ed9t nh\u00e0 gi\u00e1o d\u1ee5c \u0111\u00e3 gi\u1ea3ng d\u1ea1y v\u00e0 di\u1ec5n thuy\u1ebft trong l\u0129nh v\u1ef1c Truy\u1ec1n th\u00f4ng v\u00e0 Giao ti\u1ebfp trong h\u01a1n s\u00e1u n\u0103m. Ho\u1ea1t \u0111\u1ed9ng gi\u1ea3ng d\u1ea1y c\u1ee7a c\u00f4 b\u1eaft ngu\u1ed3n t\u1eeb ni\u1ec1m \u0111am m\u00ea s\u00e2u s\u1eafc \u0111\u1ed1i v\u1edbi c\u00e1c ph\u01b0\u01a1ng ph\u00e1p chia s\u1ebb ki\u1ebfn th\u1ee9c v\u00e0 k\u1ef9 n\u0103ng c\u00f3 th\u1ec3 gi\u00fap t\u0103ng c\u01b0\u1eddng s\u1ef1 quan t\u00e2m v\u00e0 g\u1eafn k\u1ebft c\u1ed9ng \u0111\u1ed3ng. V\u1edbi t\u01b0 c\u00e1ch l\u00e0 th\u00e0nh vi\u00ean s\u00e1ng l\u1eadp c\u1ee7a Th\u01b0 vi\u1ec7n \u0110\u1ea5t N\u01b0\u1edbc, c\u00f4 hy v\u1ecdng r\u1eb1ng b\u1ed9 s\u01b0u t\u1eadp do c\u1ed9ng \u0111\u1ed3ng qu\u1ea3n l\u00fd s\u1ebd h\u1ed7 tr\u1ee3 trong vi\u1ec7c \u0111i\u1ec1u ch\u1ec9nh l\u1ea1i c\u00e1ch th\u1ee9c thi\u1ebft l\u1eadp m\u1ed1i li\u00ean h\u1ec7 gi\u1eefa c\u00e1c th\u1ebf h\u1ec7 trong c\u1ed9ng \u0111\u1ed3ng ng\u01b0\u1eddi Vi\u1ec7t Nam.<\/p>\t\t\t\t\t\t<\/div>\n\t\t\t\t<\/div>\n\t\t\t\t\t<\/div>\n\t\t<\/div>\n\t\t\t\t\t\t\t<\/div>\n\t\t<\/section>\n\t\t\t\t<section class=\"elementor-section elementor-top-section elementor-element elementor-element-2c424d4 elementor-section-boxed elementor-section-height-default elementor-section-height-default\" data-id=\"2c424d4\" data-element_type=\"section\">\n\t\t\t\t\t\t<div class=\"elementor-container elementor-column-gap-default\">\n\t\t\t\t\t<div class=\"elementor-column elementor-col-33 elementor-top-column elementor-element elementor-element-2e6e677\" data-id=\"2e6e677\" data-element_type=\"column\">\n\t\t\t<div class=\"elementor-widget-wrap elementor-element-populated\">\n\t\t\t\t\t\t\t\t<div class=\"elementor-element elementor-element-5c98aa5 elementor-widget elementor-widget-image\" data-id=\"5c98aa5\" data-element_type=\"widget\" data-widget_type=\"image.default\">\n\t\t\t\t<div class=\"elementor-widget-container\">\n\t\t\t\t\t\t\t\t\t\t\t\t\t\t\t<img width=\"300\" height=\"300\" src=\"https:\/\/hoi.vietbilingual.org\/wp-content\/uploads\/2022\/09\/beth2020-300x300.jpg\" class=\"attachment-medium size-medium\" alt=\"\" loading=\"lazy\" srcset=\"https:\/\/hoi.vietbilingual.org\/wp-content\/uploads\/2022\/09\/beth2020-300x300.jpg 300w, https:\/\/hoi.vietbilingual.org\/wp-content\/uploads\/2022\/09\/beth2020-150x150.jpg 150w, https:\/\/hoi.vietbilingual.org\/wp-content\/uploads\/2022\/09\/beth2020.jpg 646w\" sizes=\"(max-width: 300px) 100vw, 300px\" \/>\t\t\t\t\t\t\t\t\t\t\t\t\t\t\t<\/div>\n\t\t\t\t<\/div>\n\t\t\t\t\t<\/div>\n\t\t<\/div>\n\t\t\t\t<div class=\"elementor-column elementor-col-66 elementor-top-column elementor-element elementor-element-b59b684\" data-id=\"b59b684\" data-element_type=\"column\">\n\t\t\t<div class=\"elementor-widget-wrap elementor-element-populated\">\n\t\t\t\t\t\t\t\t<div class=\"elementor-element elementor-element-3c07e0e elementor-widget elementor-widget-text-editor\" data-id=\"3c07e0e\" data-element_type=\"widget\" data-widget_type=\"text-editor.default\">\n\t\t\t\t<div class=\"elementor-widget-container\">\n\t\t\t\t\t\t\t<h3><b>Beth Sometimes<br \/><\/b><\/h3><p>Beth l\u00e0 m\u1ed9t ngh\u1ec7 s\u0129 P\u0101keh\u0101, th\u00f4ng ng\u00f4n vi\u00ean\/phi\u00ean d\u1ecbch vi\u00ean v\u00e0 nh\u00e0 t\u1ed5 ch\u1ee9c t\u1eeb Aotearoa s\u1ed1ng \u1edf \u0111\u1ea5t n\u01b0\u1edbc Arrernte. C\u00f4ng vi\u1ec7c c\u1ee7a c\u00f4 l\u00e0 quan t\u00e2m \u0111\u1ebfn n\u1ec1n kinh t\u1ebf c\u1ee7a s\u1ef1 ch\u00fa \u00fd v\u00e0 quan s\u00e1t s\u1ef1 ph\u1ea5n kh\u1edfi trong b\u1ed1i c\u1ea3nh thi\u1ec7t h\u1ea1i. C\u00f4 c\u1ed9ng t\u00e1c v\u1edbi nh\u1eefng ng\u01b0\u1eddi gi\u00e1m s\u00e1t trong c\u00e1c d\u1ef1 \u00e1n mang l\u1ea1i s\u1ee9c s\u1ed1ng cho ng\u00f4n ng\u1eef v\u00e0 ki\u1ebfn th\u1ee9c c\u1ee7a \u0111\u1ea5t n\u01b0\u1edbc Pitjantjatjara v\u00e0 Arrernte. Beth coi c\u00e1c ho\u1ea1t \u0111\u1ed9ng ngh\u1ec7 thu\u1eadt nh\u01b0 m\u1ed9t ph\u01b0\u01a1ng ph\u00e1p s\u00f4i \u0111\u1ed9ng \u0111\u1ec3 ti\u1ebfp th\u00eam sinh l\u1ef1c cho c\u1ed9ng \u0111\u1ed3ng v\u00e0 \u0111\u1ecbnh h\u00ecnh l\u1ea1i h\u00ecnh \u1ea3nh x\u00e3 h\u1ed9i.<\/p>\t\t\t\t\t\t<\/div>\n\t\t\t\t<\/div>\n\t\t\t\t\t<\/div>\n\t\t<\/div>\n\t\t\t\t\t\t\t<\/div>\n\t\t<\/section>\n\t\t\t\t<section class=\"elementor-section elementor-top-section elementor-element elementor-element-895dfec elementor-section-boxed elementor-section-height-default elementor-section-height-default\" data-id=\"895dfec\" data-element_type=\"section\">\n\t\t\t\t\t\t<div class=\"elementor-container elementor-column-gap-default\">\n\t\t\t\t\t<div class=\"elementor-column elementor-col-33 elementor-top-column elementor-element elementor-element-184d033\" data-id=\"184d033\" data-element_type=\"column\">\n\t\t\t<div class=\"elementor-widget-wrap elementor-element-populated\">\n\t\t\t\t\t\t\t\t<div class=\"elementor-element elementor-element-edfac2b elementor-widget elementor-widget-image\" data-id=\"edfac2b\" data-element_type=\"widget\" data-widget_type=\"image.default\">\n\t\t\t\t<div class=\"elementor-widget-container\">\n\t\t\t\t\t\t\t\t\t\t\t\t\t\t\t<img width=\"300\" height=\"300\" src=\"https:\/\/hoi.vietbilingual.org\/wp-content\/uploads\/2022\/09\/rene-kulitja-300x300.jpg\" class=\"attachment-medium size-medium\" alt=\"\" loading=\"lazy\" srcset=\"https:\/\/hoi.vietbilingual.org\/wp-content\/uploads\/2022\/09\/rene-kulitja-300x300.jpg 300w, https:\/\/hoi.vietbilingual.org\/wp-content\/uploads\/2022\/09\/rene-kulitja-150x150.jpg 150w, https:\/\/hoi.vietbilingual.org\/wp-content\/uploads\/2022\/09\/rene-kulitja.jpg 646w\" sizes=\"(max-width: 300px) 100vw, 300px\" \/>\t\t\t\t\t\t\t\t\t\t\t\t\t\t\t<\/div>\n\t\t\t\t<\/div>\n\t\t\t\t\t<\/div>\n\t\t<\/div>\n\t\t\t\t<div class=\"elementor-column elementor-col-66 elementor-top-column elementor-element elementor-element-d7f6e54\" data-id=\"d7f6e54\" data-element_type=\"column\">\n\t\t\t<div class=\"elementor-widget-wrap elementor-element-populated\">\n\t\t\t\t\t\t\t\t<div class=\"elementor-element elementor-element-484dfd0 elementor-widget elementor-widget-text-editor\" data-id=\"484dfd0\" data-element_type=\"widget\" data-widget_type=\"text-editor.default\">\n\t\t\t\t<div class=\"elementor-widget-container\">\n\t\t\t\t\t\t\t<h3><b>Rene Wanuny Kulitja<\/b><\/h3><p>Rene l\u00e0 m\u1ed9t ngh\u1ec7 s\u0129 Pitjantjatjara v\u00e0 l\u00e3nh \u0111\u1ea1o c\u1ed9ng \u0111\u1ed3ng sinh ra \u1edf Pukatja, SA v\u00e0 hi\u1ec7n \u0111ang s\u1ed1ng \u1edf Mutitjulu, NT. C\u00f4 l\u00e0 gi\u00e1m \u0111\u1ed1c hi\u1ec7n t\u1ea1i c\u1ee7a H\u1ed9i \u0111\u1ed3ng Ph\u1ee5 n\u1eef Ngaanytjarra Pitjantjatjara Yankunytjatjara v\u00e0 \u0111\u1ea1i bi\u1ec3u Mutitjulu cho H\u1ed9i \u0111\u1ed3ng Mi\u1ec1n \u0111\u1ea5t Trung \u01b0\u01a1ng. C\u00f4 l\u00e0 c\u1ef1u ch\u1ee7 t\u1ecbch c\u1ee7a Maruku Arts, Walkatjara Arts v\u00e0 \u0111\u00e3 g\u1eafn b\u00f3 nhi\u1ec1u n\u0103m v\u1edbi c\u00f4ng vi\u1ec7c qu\u1ea3n l\u00fd chung c\u1ee7a C\u00f4ng Vi\u00ean Qu\u1ed1c gia Uluru Kata Tjuta. C\u00f4 \u0111\u00e3 tham gia v\u00e0o v\u00f4 s\u1ed1 c\u00e1c tri\u1ec3n l\u00e3m v\u00e0 d\u1ef1 \u00e1n s\u00e1ng t\u1ea1o bao g\u1ed3m c\u1ea3 tri\u1ec3n l\u00e3m l\u01b0u di\u1ec5n l\u1edbn Songlines: Theo d\u1ea5u B\u1ea3y ch\u1ecb em (Tracking the Seven Sisters). C\u00f4 l\u00e0 m\u1ed9t ph\u1ea7n c\u1ee7a d\u1ef1 \u00e1n Uti Kulintjaku ki\u1ec3m tra s\u1ee9c kh\u1ecfe t\u00e2m th\u1ea7n qua c\u00e1c khu\u00f4n kh\u1ed5 v\u0103n h\u00f3a Pitjantjatjara. C\u00f4 l\u00e0 m\u1ed9t ng\u01b0\u1eddi \u1ee7ng h\u1ed9 kh\u00f4ng m\u1ec7t m\u1ecfi cho vi\u1ec7c duy tr\u00ec ng\u00f4n ng\u1eef v\u00e0 v\u0103n h\u00f3a v\u00ec l\u1ee3i \u00edch c\u1ee7a th\u1ebf h\u1ec7 t\u01b0\u01a1ng lai.<\/p>\t\t\t\t\t\t<\/div>\n\t\t\t\t<\/div>\n\t\t\t\t\t<\/div>\n\t\t<\/div>\n\t\t\t\t\t\t\t<\/div>\n\t\t<\/section>\n\t\t\t\t<section class=\"elementor-section elementor-top-section elementor-element elementor-element-4b1e861 elementor-section-boxed elementor-section-height-default elementor-section-height-default\" data-id=\"4b1e861\" data-element_type=\"section\">\n\t\t\t\t\t\t<div class=\"elementor-container elementor-column-gap-default\">\n\t\t\t\t\t<div class=\"elementor-column elementor-col-100 elementor-top-column elementor-element elementor-element-45224b5\" data-id=\"45224b5\" data-element_type=\"column\">\n\t\t\t<div class=\"elementor-widget-wrap elementor-element-populated\">\n\t\t\t\t\t\t\t\t<div class=\"elementor-element elementor-element-bb5eb9e elementor-widget elementor-widget-text-editor\" data-id=\"bb5eb9e\" data-element_type=\"widget\" data-widget_type=\"text-editor.default\">\n\t\t\t\t<div class=\"elementor-widget-container\">\n\t\t\t\t\t\t\t<h3><a href=\"https:\/\/hoi.vietbilingual.org\/index.php\/chuong-trinh-b\/\"><b>Ch<\/b><b>\u01b0\u01a1ng Tr\u00ecnh<\/b> B<\/a><\/h3>\t\t\t\t\t\t<\/div>\n\t\t\t\t<\/div>\n\t\t\t\t<div class=\"elementor-element elementor-element-78fc747 elementor-widget elementor-widget-text-editor\" data-id=\"78fc747\" data-element_type=\"widget\" data-widget_type=\"text-editor.default\">\n\t\t\t\t<div class=\"elementor-widget-container\">\n\t\t\t\t\t\t\t<h3><a href=\"https:\/\/hoi.vietbilingual.org\/index.php\/chuong-trinh-c\/\"><b>Ch<\/b><b>\u01b0\u01a1ng Tr\u00ecnh<\/b> C<\/a><\/h3>\t\t\t\t\t\t<\/div>\n\t\t\t\t<\/div>\n\t\t\t\t\t<\/div>\n\t\t<\/div>\n\t\t\t\t\t\t\t<\/div>\n\t\t<\/section>\n\t\t\t\t\t\t\t<\/div>\n\t\t","protected":false},"excerpt":{"rendered":"<p>Ng\u00f4n ng\u1eef v\u00e0 Gi\u00e1o d\u1ee5c Ng\u00f4n ng\u1eef nh\u01b0 m\u1ed9t th\u1ef1c h\u00e0nh \u0111\u1ecba ph\u01b0\u01a1ng Ch\u01b0\u01a1ng Tr\u00ecnh&nbsp;A 10:00AM \u2013 11:00AM Th\u00e1ch th\u1ee9c nh\u1eefng quan \u0111i\u1ec3m th\u1ed1ng tr\u1ecb v\u1ec1 \u2018ng\u00f4n ng\u1eef\u2019 v\u1ed1n ch\u1ec9 \u0111\u01a1n gi\u1ea3n coi n\u00f3 l\u00e0 c\u00e1c h\u1ec7 th\u1ed1ng quy t\u1eafc ho\u1eb7c cho c\u00e1c ph\u01b0\u01a1ng ti\u1ec7n c\u00f4ng c\u1ee5 v\u00e0 kinh t\u1ebf, bu\u1ed5i h\u1ed9i th\u1ea3o n\u00e0y n\u00eau &hellip;<\/p>\n<p class=\"read-more\"> <a class=\"\" href=\"https:\/\/hoi.vietbilingual.org\/index.php\/chuong-trinh-a\/\"> <span class=\"screen-reader-text\">Ch\u01b0\u01a1ng Tr\u00ecnh A<\/span> Read More &raquo;<\/a><\/p>\n","protected":false},"author":1,"featured_media":0,"parent":0,"menu_order":0,"comment_status":"closed","ping_status":"closed","template":"elementor_header_footer","meta":{"om_disable_all_campaigns":false,"_monsterinsights_skip_tracking":false,"_monsterinsights_sitenote_active":false,"_monsterinsights_sitenote_note":"","_monsterinsights_sitenote_category":0,"site-sidebar-layout":"default","site-content-layout":"default","ast-global-header-display":"","ast-main-header-display":"","ast-hfb-above-header-display":"","ast-hfb-below-header-display":"","ast-hfb-mobile-header-display":"","site-post-title":"","ast-breadcrumbs-content":"","ast-featured-img":"","footer-sml-layout":"","theme-transparent-header-meta":"","adv-header-id-meta":"","stick-header-meta":"","header-above-stick-meta":"","header-main-stick-meta":"","header-below-stick-meta":""},"aioseo_notices":[],"_links":{"self":[{"href":"https:\/\/hoi.vietbilingual.org\/index.php\/wp-json\/wp\/v2\/pages\/102"}],"collection":[{"href":"https:\/\/hoi.vietbilingual.org\/index.php\/wp-json\/wp\/v2\/pages"}],"about":[{"href":"https:\/\/hoi.vietbilingual.org\/index.php\/wp-json\/wp\/v2\/types\/page"}],"author":[{"embeddable":true,"href":"https:\/\/hoi.vietbilingual.org\/index.php\/wp-json\/wp\/v2\/users\/1"}],"replies":[{"embeddable":true,"href":"https:\/\/hoi.vietbilingual.org\/index.php\/wp-json\/wp\/v2\/comments?post=102"}],"version-history":[{"count":0,"href":"https:\/\/hoi.vietbilingual.org\/index.php\/wp-json\/wp\/v2\/pages\/102\/revisions"}],"wp:attachment":[{"href":"https:\/\/hoi.vietbilingual.org\/index.php\/wp-json\/wp\/v2\/media?parent=102"}],"curies":[{"name":"wp","href":"https:\/\/api.w.org\/{rel}","templated":true}]}}