{"id":11,"date":"2022-08-28T20:15:18","date_gmt":"2022-08-28T20:15:18","guid":{"rendered":"https:\/\/hoi.vietbilingual.org\/?page_id=11"},"modified":"2022-10-31T20:50:04","modified_gmt":"2022-10-31T20:50:04","slug":"create-your-website-with-blocks","status":"publish","type":"page","link":"https:\/\/hoi.vietbilingual.org\/","title":{"rendered":"H\u00f4i Nhg\u1ecb Chuy\u00ean \u0110\u1ec1"},"content":{"rendered":"\t\t<div data-elementor-type=\"wp-page\" data-elementor-id=\"11\" class=\"elementor elementor-11\">\n\t\t\t\t\t\t\t\t\t<section class=\"elementor-section elementor-top-section elementor-element elementor-element-707b2c2 elementor-section-boxed elementor-section-height-default elementor-section-height-default\" data-id=\"707b2c2\" data-element_type=\"section\">\n\t\t\t\t\t\t<div class=\"elementor-container elementor-column-gap-default\">\n\t\t\t\t\t<div class=\"elementor-column elementor-col-100 elementor-top-column elementor-element elementor-element-d6fdfea\" data-id=\"d6fdfea\" data-element_type=\"column\">\n\t\t\t<div class=\"elementor-widget-wrap elementor-element-populated\">\n\t\t\t\t\t\t\t\t<div class=\"elementor-element elementor-element-046caaa elementor-widget elementor-widget-image\" data-id=\"046caaa\" data-element_type=\"widget\" data-widget_type=\"image.default\">\n\t\t\t\t<div class=\"elementor-widget-container\">\n\t\t\t<style>\/*! elementor - v3.7.8 - 02-10-2022 *\/\n.elementor-widget-image{text-align:center}.elementor-widget-image a{display:inline-block}.elementor-widget-image a img[src$=\".svg\"]{width:48px}.elementor-widget-image img{vertical-align:middle;display:inline-block}<\/style>\t\t\t\t\t\t\t\t\t\t\t\t<img width=\"1024\" height=\"648\" src=\"https:\/\/hoi.vietbilingual.org\/wp-content\/uploads\/2022\/09\/Language__Community_Symposium-4-1024x648.jpg\" class=\"attachment-large size-large\" alt=\"\" loading=\"lazy\" srcset=\"https:\/\/hoi.vietbilingual.org\/wp-content\/uploads\/2022\/09\/Language__Community_Symposium-4-1024x648.jpg 1024w, https:\/\/hoi.vietbilingual.org\/wp-content\/uploads\/2022\/09\/Language__Community_Symposium-4-300x190.jpg 300w, https:\/\/hoi.vietbilingual.org\/wp-content\/uploads\/2022\/09\/Language__Community_Symposium-4-768x486.jpg 768w, https:\/\/hoi.vietbilingual.org\/wp-content\/uploads\/2022\/09\/Language__Community_Symposium-4-1536x972.jpg 1536w, https:\/\/hoi.vietbilingual.org\/wp-content\/uploads\/2022\/09\/Language__Community_Symposium-4.jpg 1582w\" sizes=\"(max-width: 1024px) 100vw, 1024px\" \/>\t\t\t\t\t\t\t\t\t\t\t\t\t\t\t<\/div>\n\t\t\t\t<\/div>\n\t\t\t\t\t<\/div>\n\t\t<\/div>\n\t\t\t\t\t\t\t<\/div>\n\t\t<\/section>\n\t\t\t\t<section class=\"elementor-section elementor-top-section elementor-element elementor-element-d9d467d elementor-section-boxed elementor-section-height-default elementor-section-height-default\" data-id=\"d9d467d\" data-element_type=\"section\">\n\t\t\t\t\t\t<div class=\"elementor-container elementor-column-gap-default\">\n\t\t\t\t\t<div class=\"elementor-column elementor-col-100 elementor-top-column elementor-element elementor-element-f68d844\" data-id=\"f68d844\" data-element_type=\"column\">\n\t\t\t<div class=\"elementor-widget-wrap elementor-element-populated\">\n\t\t\t\t\t\t\t\t<div class=\"elementor-element elementor-element-7b97562 elementor-widget elementor-widget-heading\" data-id=\"7b97562\" data-element_type=\"widget\" data-widget_type=\"heading.default\">\n\t\t\t\t<div class=\"elementor-widget-container\">\n\t\t\t<style>\/*! elementor - v3.7.8 - 02-10-2022 *\/\n.elementor-heading-title{padding:0;margin:0;line-height:1}.elementor-widget-heading .elementor-heading-title[class*=elementor-size-]>a{color:inherit;font-size:inherit;line-height:inherit}.elementor-widget-heading .elementor-heading-title.elementor-size-small{font-size:15px}.elementor-widget-heading .elementor-heading-title.elementor-size-medium{font-size:19px}.elementor-widget-heading .elementor-heading-title.elementor-size-large{font-size:29px}.elementor-widget-heading .elementor-heading-title.elementor-size-xl{font-size:39px}.elementor-widget-heading .elementor-heading-title.elementor-size-xxl{font-size:59px}<\/style><h3 class=\"elementor-heading-title elementor-size-default\">H\u1ed9i Ngh\u1ecb Chuy\u00ean \u0110\u1ec1 v\u1ec1<\/h3>\t\t<\/div>\n\t\t\t\t<\/div>\n\t\t\t\t<div class=\"elementor-element elementor-element-b08d069 elementor-widget elementor-widget-heading\" data-id=\"b08d069\" data-element_type=\"widget\" data-widget_type=\"heading.default\">\n\t\t\t\t<div class=\"elementor-widget-container\">\n\t\t\t<h1 class=\"elementor-heading-title elementor-size-default\">Ng\u00f4n Ng\u1eef v\u00e0 C\u1ed9ng \u0110\u1ed3ng<\/h1>\t\t<\/div>\n\t\t\t\t<\/div>\n\t\t\t\t<div class=\"elementor-element elementor-element-5514a21 elementor-widget elementor-widget-heading\" data-id=\"5514a21\" data-element_type=\"widget\" data-widget_type=\"heading.default\">\n\t\t\t\t<div class=\"elementor-widget-container\">\n\t\t\t<h2 class=\"elementor-heading-title elementor-size-default\">Ch\u1ee7 Nh\u1eadt Ng\u00e0y 27 Th\u00e1ng 11 Nam 2022<\/h2>\t\t<\/div>\n\t\t\t\t<\/div>\n\t\t\t\t\t<\/div>\n\t\t<\/div>\n\t\t\t\t\t\t\t<\/div>\n\t\t<\/section>\n\t\t\t\t<section class=\"elementor-section elementor-top-section elementor-element elementor-element-df6837c elementor-section-boxed elementor-section-height-default elementor-section-height-default\" data-id=\"df6837c\" data-element_type=\"section\">\n\t\t\t\t\t\t<div class=\"elementor-container elementor-column-gap-default\">\n\t\t\t\t\t<div class=\"elementor-column elementor-col-100 elementor-top-column elementor-element elementor-element-97ac9a3\" data-id=\"97ac9a3\" data-element_type=\"column\">\n\t\t\t<div class=\"elementor-widget-wrap elementor-element-populated\">\n\t\t\t\t\t\t\t\t<div class=\"elementor-element elementor-element-21ad44c elementor-widget elementor-widget-text-editor\" data-id=\"21ad44c\" data-element_type=\"widget\" data-widget_type=\"text-editor.default\">\n\t\t\t\t<div class=\"elementor-widget-container\">\n\t\t\t<style>\/*! elementor - v3.7.8 - 02-10-2022 *\/\n.elementor-widget-text-editor.elementor-drop-cap-view-stacked .elementor-drop-cap{background-color:#818a91;color:#fff}.elementor-widget-text-editor.elementor-drop-cap-view-framed .elementor-drop-cap{color:#818a91;border:3px solid;background-color:transparent}.elementor-widget-text-editor:not(.elementor-drop-cap-view-default) .elementor-drop-cap{margin-top:8px}.elementor-widget-text-editor:not(.elementor-drop-cap-view-default) .elementor-drop-cap-letter{width:1em;height:1em}.elementor-widget-text-editor .elementor-drop-cap{float:left;text-align:center;line-height:1;font-size:50px}.elementor-widget-text-editor .elementor-drop-cap-letter{display:inline-block}<\/style>\t\t\t\t<p>Hoan ngh\u00eanh qu\u00fd v\u1ecb \u0111\u1ebfn v\u1edbi bu\u1ed5i H\u1ed9i ngh\u1ecb chuy\u00ean \u0111\u1ec1 v\u1ec1 Ng\u00f4n ng\u1eef v\u00e0 C\u1ed9ng \u0111\u1ed3ng do Vi\u1ec7tSpeak tr\u00ecnh b\u00e0y. Ch\u00fang t\u00f4i r\u1ea5t vui m\u1eebng \u0111\u01b0\u1ee3c mang \u0111\u1ebfn cho qu\u00fd v\u1ecb ng\u00e0y th\u1ea3o lu\u1eadn, h\u1ed9i th\u1ea3o th\u00fa v\u1ecb n\u00e0y v\u00e0 nhi\u1ec1u m\u1ee5c kh\u00e1c n\u1eefa. Xin vui l\u00f2ng xem qua ch\u01b0\u01a1ng tr\u00ecnh c\u00f3 c\u00e1c nh\u00e0 gi\u00e1o d\u1ee5c, nh\u00e0 v\u0103n, l\u00e3nh \u0111\u1ea1o c\u1ed9ng \u0111\u1ed3ng v\u00e0 ngh\u1ec7 s\u0129 kh\u00e1m ph\u00e1 nh\u1eefng \u00fd t\u01b0\u1edfng v\u00e0 th\u1ef1c h\u00e0nh v\u1ed1n h\u1ed7 tr\u1ee3 c\u00e1c ng\u00f4n ng\u1eef di s\u1ea3n trong c\u1ed9ng \u0111\u1ed3ng. Ch\u00fang t\u00f4i m\u1eddi qu\u00fd v\u1ecb tham d\u1ef1 b\u1eb1ng c\u00e1ch ghi danh.<\/p>\n<p>Ch\u00fang t\u00f4i mong mu\u1ed1n \u0111\u01b0\u1ee3c chia s\u1ebb ng\u00e0y n\u00e0y v\u1edbi qu\u00fd v\u1ecb!<\/p>\t\t\t\t\t\t<\/div>\n\t\t\t\t<\/div>\n\t\t\t\t\t<\/div>\n\t\t<\/div>\n\t\t\t\t\t\t\t<\/div>\n\t\t<\/section>\n\t\t\t\t<section class=\"elementor-section elementor-top-section elementor-element elementor-element-073864c elementor-section-boxed elementor-section-height-default elementor-section-height-default\" data-id=\"073864c\" data-element_type=\"section\">\n\t\t\t\t\t\t<div class=\"elementor-container elementor-column-gap-default\">\n\t\t\t\t\t<div class=\"elementor-column elementor-col-50 elementor-top-column elementor-element elementor-element-b1f027c\" data-id=\"b1f027c\" data-element_type=\"column\">\n\t\t\t<div class=\"elementor-widget-wrap elementor-element-populated\">\n\t\t\t\t\t\t\t\t<div class=\"elementor-element elementor-element-9aa0f51 elementor-align-right elementor-mobile-align-center elementor-widget elementor-widget-button\" data-id=\"9aa0f51\" data-element_type=\"widget\" data-widget_type=\"button.default\">\n\t\t\t\t<div class=\"elementor-widget-container\">\n\t\t\t\t\t<div class=\"elementor-button-wrapper\">\n\t\t\t<a href=\"https:\/\/hoi.vietbilingual.org\/index.php\/chuong-trinh\/\" class=\"elementor-button-link elementor-button elementor-size-xl\" role=\"button\">\n\t\t\t\t\t\t<span class=\"elementor-button-content-wrapper\">\n\t\t\t\t\t\t<span class=\"elementor-button-text\">Ch\u01b0\u01a1ng Tr\u00ecnh<\/span>\n\t\t<\/span>\n\t\t\t\t\t<\/a>\n\t\t<\/div>\n\t\t\t\t<\/div>\n\t\t\t\t<\/div>\n\t\t\t\t\t<\/div>\n\t\t<\/div>\n\t\t\t\t<div class=\"elementor-column elementor-col-50 elementor-top-column elementor-element elementor-element-62615bc\" data-id=\"62615bc\" data-element_type=\"column\">\n\t\t\t<div class=\"elementor-widget-wrap elementor-element-populated\">\n\t\t\t\t\t\t\t\t<div class=\"elementor-element elementor-element-7542b72 elementor-align-left elementor-mobile-align-center elementor-widget elementor-widget-button\" data-id=\"7542b72\" data-element_type=\"widget\" data-widget_type=\"button.default\">\n\t\t\t\t<div class=\"elementor-widget-container\">\n\t\t\t\t\t<div class=\"elementor-button-wrapper\">\n\t\t\t<a href=\"https:\/\/vietbilingual.org\/gathering\/\" class=\"elementor-button-link elementor-button elementor-size-xl\" role=\"button\">\n\t\t\t\t\t\t<span class=\"elementor-button-content-wrapper\">\n\t\t\t\t\t\t<span class=\"elementor-button-text\">\u0110\u0103ng K\u00fd<\/span>\n\t\t<\/span>\n\t\t\t\t\t<\/a>\n\t\t<\/div>\n\t\t\t\t<\/div>\n\t\t\t\t<\/div>\n\t\t\t\t\t<\/div>\n\t\t<\/div>\n\t\t\t\t\t\t\t<\/div>\n\t\t<\/section>\n\t\t\t\t\t\t\t<\/div>\n\t\t","protected":false},"excerpt":{"rendered":"<p>H\u1ed9i Ngh\u1ecb Chuy\u00ean \u0110\u1ec1 v\u1ec1 Ng\u00f4n Ng\u1eef v\u00e0 C\u1ed9ng \u0110\u1ed3ng Ch\u1ee7 Nh\u1eadt Ng\u00e0y 27 Th\u00e1ng 11 Nam 2022 Hoan ngh\u00eanh qu\u00fd v\u1ecb \u0111\u1ebfn v\u1edbi bu\u1ed5i H\u1ed9i ngh\u1ecb chuy\u00ean \u0111\u1ec1 v\u1ec1 Ng\u00f4n ng\u1eef v\u00e0 C\u1ed9ng \u0111\u1ed3ng do Vi\u1ec7tSpeak tr\u00ecnh b\u00e0y. Ch\u00fang t\u00f4i r\u1ea5t vui m\u1eebng \u0111\u01b0\u1ee3c mang \u0111\u1ebfn cho qu\u00fd v\u1ecb ng\u00e0y th\u1ea3o lu\u1eadn, h\u1ed9i th\u1ea3o &hellip;<\/p>\n<p class=\"read-more\"> <a class=\"\" href=\"https:\/\/hoi.vietbilingual.org\/\"> <span class=\"screen-reader-text\">H\u00f4i Nhg\u1ecb Chuy\u00ean \u0110\u1ec1<\/span> Read More &raquo;<\/a><\/p>\n","protected":false},"author":1,"featured_media":414,"parent":0,"menu_order":0,"comment_status":"closed","ping_status":"closed","template":"elementor_header_footer","meta":{"om_disable_all_campaigns":false,"_monsterinsights_skip_tracking":false,"_monsterinsights_sitenote_active":false,"_monsterinsights_sitenote_note":"","_monsterinsights_sitenote_category":0,"site-sidebar-layout":"default","site-content-layout":"default","ast-global-header-display":"","ast-main-header-display":"","ast-hfb-above-header-display":"","ast-hfb-below-header-display":"","ast-hfb-mobile-header-display":"","site-post-title":"","ast-breadcrumbs-content":"","ast-featured-img":"","footer-sml-layout":"","theme-transparent-header-meta":"","adv-header-id-meta":"","stick-header-meta":"","header-above-stick-meta":"","header-main-stick-meta":"","header-below-stick-meta":""},"aioseo_notices":[],"_links":{"self":[{"href":"https:\/\/hoi.vietbilingual.org\/index.php\/wp-json\/wp\/v2\/pages\/11"}],"collection":[{"href":"https:\/\/hoi.vietbilingual.org\/index.php\/wp-json\/wp\/v2\/pages"}],"about":[{"href":"https:\/\/hoi.vietbilingual.org\/index.php\/wp-json\/wp\/v2\/types\/page"}],"author":[{"embeddable":true,"href":"https:\/\/hoi.vietbilingual.org\/index.php\/wp-json\/wp\/v2\/users\/1"}],"replies":[{"embeddable":true,"href":"https:\/\/hoi.vietbilingual.org\/index.php\/wp-json\/wp\/v2\/comments?post=11"}],"version-history":[{"count":7,"href":"https:\/\/hoi.vietbilingual.org\/index.php\/wp-json\/wp\/v2\/pages\/11\/revisions"}],"predecessor-version":[{"id":524,"href":"https:\/\/hoi.vietbilingual.org\/index.php\/wp-json\/wp\/v2\/pages\/11\/revisions\/524"}],"wp:featuredmedia":[{"embeddable":true,"href":"https:\/\/hoi.vietbilingual.org\/index.php\/wp-json\/wp\/v2\/media\/414"}],"wp:attachment":[{"href":"https:\/\/hoi.vietbilingual.org\/index.php\/wp-json\/wp\/v2\/media?parent=11"}],"curies":[{"name":"wp","href":"https:\/\/api.w.org\/{rel}","templated":true}]}}