{"id":226,"date":"2022-09-02T00:08:08","date_gmt":"2022-09-02T00:08:08","guid":{"rendered":"https:\/\/hoi.vietbilingual.org\/?page_id=226"},"modified":"2022-11-01T08:04:44","modified_gmt":"2022-11-01T08:04:44","slug":"gian-hang-b","status":"publish","type":"page","link":"https:\/\/hoi.vietbilingual.org\/index.php\/gian-hang-b\/","title":{"rendered":"Gian H\u00e0ng B"},"content":{"rendered":"\t\t<div data-elementor-type=\"wp-page\" data-elementor-id=\"226\" class=\"elementor elementor-226\">\n\t\t\t\t\t\t\t\t\t<section class=\"elementor-section elementor-top-section elementor-element elementor-element-be1304b elementor-section-boxed elementor-section-height-default elementor-section-height-default\" data-id=\"be1304b\" data-element_type=\"section\">\n\t\t\t\t\t\t<div class=\"elementor-container elementor-column-gap-default\">\n\t\t\t\t\t<div class=\"elementor-column elementor-col-100 elementor-top-column elementor-element elementor-element-32ea9c6\" data-id=\"32ea9c6\" data-element_type=\"column\">\n\t\t\t<div class=\"elementor-widget-wrap elementor-element-populated\">\n\t\t\t\t\t\t\t\t<div class=\"elementor-element elementor-element-1052416 elementor-widget elementor-widget-heading\" data-id=\"1052416\" data-element_type=\"widget\" data-widget_type=\"heading.default\">\n\t\t\t\t<div class=\"elementor-widget-container\">\n\t\t\t<style>\/*! elementor - v3.7.8 - 02-10-2022 *\/\n.elementor-heading-title{padding:0;margin:0;line-height:1}.elementor-widget-heading .elementor-heading-title[class*=elementor-size-]>a{color:inherit;font-size:inherit;line-height:inherit}.elementor-widget-heading .elementor-heading-title.elementor-size-small{font-size:15px}.elementor-widget-heading .elementor-heading-title.elementor-size-medium{font-size:19px}.elementor-widget-heading .elementor-heading-title.elementor-size-large{font-size:29px}.elementor-widget-heading .elementor-heading-title.elementor-size-xl{font-size:39px}.elementor-widget-heading .elementor-heading-title.elementor-size-xxl{font-size:59px}<\/style><h1 class=\"elementor-heading-title elementor-size-default\">L\u00e0m S\u00e1ch Song Ng\u1eef<\/h1>\t\t<\/div>\n\t\t\t\t<\/div>\n\t\t\t\t\t<\/div>\n\t\t<\/div>\n\t\t\t\t\t\t\t<\/div>\n\t\t<\/section>\n\t\t\t\t<section class=\"elementor-section elementor-top-section elementor-element elementor-element-de5b2dc elementor-section-boxed elementor-section-height-default elementor-section-height-default\" data-id=\"de5b2dc\" data-element_type=\"section\">\n\t\t\t\t\t\t<div class=\"elementor-container elementor-column-gap-default\">\n\t\t\t\t\t<div class=\"elementor-column elementor-col-100 elementor-top-column elementor-element elementor-element-b0c3319\" data-id=\"b0c3319\" data-element_type=\"column\">\n\t\t\t<div class=\"elementor-widget-wrap elementor-element-populated\">\n\t\t\t\t\t\t\t\t<div class=\"elementor-element elementor-element-d4917da elementor-widget elementor-widget-text-editor\" data-id=\"d4917da\" data-element_type=\"widget\" data-widget_type=\"text-editor.default\">\n\t\t\t\t<div class=\"elementor-widget-container\">\n\t\t\t<style>\/*! elementor - v3.7.8 - 02-10-2022 *\/\n.elementor-widget-text-editor.elementor-drop-cap-view-stacked .elementor-drop-cap{background-color:#818a91;color:#fff}.elementor-widget-text-editor.elementor-drop-cap-view-framed .elementor-drop-cap{color:#818a91;border:3px solid;background-color:transparent}.elementor-widget-text-editor:not(.elementor-drop-cap-view-default) .elementor-drop-cap{margin-top:8px}.elementor-widget-text-editor:not(.elementor-drop-cap-view-default) .elementor-drop-cap-letter{width:1em;height:1em}.elementor-widget-text-editor .elementor-drop-cap{float:left;text-align:center;line-height:1;font-size:50px}.elementor-widget-text-editor .elementor-drop-cap-letter{display:inline-block}<\/style>\t\t\t\t<h3><strong>Gian H\u00e0ng<\/strong> B<\/h3><p><b>1:00PM \u2013 4:00PM<\/b><\/p><p>Tham gia Kids \u2019Own Publishing \u0111\u1ec3 tham gia h\u1ed9i th\u1ea3o b\u1ed5 sung v\u00e0 t\u1ea1o ra cu\u1ed1n s\u00e1ch 8 trang c\u1ee7a ri\u00eang b\u1ea1n b\u1eb1ng ti\u1ebfng Vi\u1ec7t ho\u1eb7c b\u1ea5t k\u1ef3 ng\u00f4n ng\u1eef n\u00e0o m\u00e0 b\u1ea1n v\u00e0 gia \u0111\u00ecnh bi\u1ebft, y\u00eau th\u00edch v\u00e0 s\u1eed d\u1ee5ng trong cu\u1ed9c s\u1ed1ng h\u00e0ng ng\u00e0y. C\u00e1c ngh\u1ec7 s\u0129 c\u1ee7a Kids \u2019Own s\u1ebd h\u01b0\u1edbng d\u1eabn b\u1ea1n l\u00e0m nh\u1eefng cu\u1ed1n s\u00e1ch \u0111\u1eb9p b\u1eb1ng c\u00e1ch s\u1eed d\u1ee5ng \u1ea3nh gh\u00e9p v\u00e0 c\u00e2u chuy\u1ec7n \u0111\u1eb7c bi\u1ec7t c\u1ee7a ri\u00eang b\u1ea1n. M\u1ecdi l\u1ee9a tu\u1ed5i \u0111\u1ec1u \u0111\u01b0\u1ee3c ch\u00e0o \u0111\u00f3n.<\/p>\t\t\t\t\t\t<\/div>\n\t\t\t\t<\/div>\n\t\t\t\t\t<\/div>\n\t\t<\/div>\n\t\t\t\t\t\t\t<\/div>\n\t\t<\/section>\n\t\t\t\t<section class=\"elementor-section elementor-top-section elementor-element elementor-element-45a64ca elementor-section-boxed elementor-section-height-default elementor-section-height-default\" data-id=\"45a64ca\" data-element_type=\"section\">\n\t\t\t\t\t\t<div class=\"elementor-container elementor-column-gap-default\">\n\t\t\t\t\t<div class=\"elementor-column elementor-col-33 elementor-top-column elementor-element elementor-element-1bc245f\" data-id=\"1bc245f\" data-element_type=\"column\">\n\t\t\t<div class=\"elementor-widget-wrap elementor-element-populated\">\n\t\t\t\t\t\t\t\t<div class=\"elementor-element elementor-element-2468e85 elementor-widget elementor-widget-image\" data-id=\"2468e85\" data-element_type=\"widget\" data-widget_type=\"image.default\">\n\t\t\t\t<div class=\"elementor-widget-container\">\n\t\t\t<style>\/*! elementor - v3.7.8 - 02-10-2022 *\/\n.elementor-widget-image{text-align:center}.elementor-widget-image a{display:inline-block}.elementor-widget-image a img[src$=\".svg\"]{width:48px}.elementor-widget-image img{vertical-align:middle;display:inline-block}<\/style>\t\t\t\t\t\t\t\t\t\t\t\t<img width=\"300\" height=\"300\" src=\"https:\/\/hoi.vietbilingual.org\/wp-content\/uploads\/2022\/11\/Kids-Own-300x300.jpg\" class=\"attachment-medium size-medium\" alt=\"\" loading=\"lazy\" srcset=\"https:\/\/hoi.vietbilingual.org\/wp-content\/uploads\/2022\/11\/Kids-Own-300x300.jpg 300w, https:\/\/hoi.vietbilingual.org\/wp-content\/uploads\/2022\/11\/Kids-Own-1024x1024.jpg 1024w, https:\/\/hoi.vietbilingual.org\/wp-content\/uploads\/2022\/11\/Kids-Own-150x150.jpg 150w, https:\/\/hoi.vietbilingual.org\/wp-content\/uploads\/2022\/11\/Kids-Own-768x768.jpg 768w, https:\/\/hoi.vietbilingual.org\/wp-content\/uploads\/2022\/11\/Kids-Own-1536x1536.jpg 1536w, https:\/\/hoi.vietbilingual.org\/wp-content\/uploads\/2022\/11\/Kids-Own.jpg 1600w\" sizes=\"(max-width: 300px) 100vw, 300px\" \/>\t\t\t\t\t\t\t\t\t\t\t\t\t\t\t<\/div>\n\t\t\t\t<\/div>\n\t\t\t\t\t<\/div>\n\t\t<\/div>\n\t\t\t\t<div class=\"elementor-column elementor-col-66 elementor-top-column elementor-element elementor-element-794abd9\" data-id=\"794abd9\" data-element_type=\"column\">\n\t\t\t<div class=\"elementor-widget-wrap elementor-element-populated\">\n\t\t\t\t\t\t\t\t<div class=\"elementor-element elementor-element-141d856 elementor-widget elementor-widget-text-editor\" data-id=\"141d856\" data-element_type=\"widget\" data-widget_type=\"text-editor.default\">\n\t\t\t\t<div class=\"elementor-widget-container\">\n\t\t\t\t\t\t\t<h3><strong>Kids\u2019 Own Publishing<\/strong><\/h3>\n<p>L\u00e0m S\u00e1ch Song Ng\u1eef.<\/p>\t\t\t\t\t\t<\/div>\n\t\t\t\t<\/div>\n\t\t\t\t\t<\/div>\n\t\t<\/div>\n\t\t\t\t\t\t\t<\/div>\n\t\t<\/section>\n\t\t\t\t<section class=\"elementor-section elementor-top-section elementor-element elementor-element-fbd1521 elementor-section-boxed elementor-section-height-default elementor-section-height-default\" data-id=\"fbd1521\" data-element_type=\"section\">\n\t\t\t\t\t\t<div class=\"elementor-container elementor-column-gap-default\">\n\t\t\t\t\t<div class=\"elementor-column elementor-col-100 elementor-top-column elementor-element elementor-element-fe2e740\" data-id=\"fe2e740\" data-element_type=\"column\">\n\t\t\t<div class=\"elementor-widget-wrap elementor-element-populated\">\n\t\t\t\t\t\t\t\t<div class=\"elementor-element elementor-element-f780b30 elementor-widget elementor-widget-text-editor\" data-id=\"f780b30\" data-element_type=\"widget\" data-widget_type=\"text-editor.default\">\n\t\t\t\t<div class=\"elementor-widget-container\">\n\t\t\t\t\t\t\t<h3><a href=\"https:\/\/hoi.vietbilingual.org\/index.php\/gian-hang-a\/\"><strong>Gian H\u00e0ng<\/strong> A<\/a><\/h3><h3><a href=\"https:\/\/hoi.vietbilingual.org\/index.php\/gian-hang-c\/\"><strong>Gian H\u00e0ng<\/strong> C <\/a><\/h3><h3><a href=\"https:\/\/hoi.vietbilingual.org\/index.php\/su-tham-gia\/\"><strong>S\u1ef1 Tham Gia<\/strong><\/a><\/h3>\t\t\t\t\t\t<\/div>\n\t\t\t\t<\/div>\n\t\t\t\t\t<\/div>\n\t\t<\/div>\n\t\t\t\t\t\t\t<\/div>\n\t\t<\/section>\n\t\t\t\t\t\t\t<\/div>\n\t\t","protected":false},"excerpt":{"rendered":"<p>L\u00e0m S\u00e1ch Song Ng\u1eef Gian H\u00e0ng B 1:00PM \u2013 4:00PM Tham gia Kids \u2019Own Publishing \u0111\u1ec3 tham gia h\u1ed9i th\u1ea3o b\u1ed5 sung v\u00e0 t\u1ea1o ra cu\u1ed1n s\u00e1ch 8 trang c\u1ee7a ri\u00eang b\u1ea1n b\u1eb1ng ti\u1ebfng Vi\u1ec7t ho\u1eb7c b\u1ea5t k\u1ef3 ng\u00f4n ng\u1eef n\u00e0o m\u00e0 b\u1ea1n v\u00e0 gia \u0111\u00ecnh bi\u1ebft, y\u00eau th\u00edch v\u00e0 s\u1eed d\u1ee5ng trong cu\u1ed9c s\u1ed1ng &hellip;<\/p>\n<p class=\"read-more\"> <a class=\"\" href=\"https:\/\/hoi.vietbilingual.org\/index.php\/gian-hang-b\/\"> <span class=\"screen-reader-text\">Gian H\u00e0ng B<\/span> Read More &raquo;<\/a><\/p>\n","protected":false},"author":1,"featured_media":0,"parent":0,"menu_order":0,"comment_status":"closed","ping_status":"closed","template":"elementor_header_footer","meta":{"om_disable_all_campaigns":false,"_monsterinsights_skip_tracking":false,"_monsterinsights_sitenote_active":false,"_monsterinsights_sitenote_note":"","_monsterinsights_sitenote_category":0,"site-sidebar-layout":"default","site-content-layout":"default","ast-global-header-display":"","ast-main-header-display":"","ast-hfb-above-header-display":"","ast-hfb-below-header-display":"","ast-hfb-mobile-header-display":"","site-post-title":"","ast-breadcrumbs-content":"","ast-featured-img":"","footer-sml-layout":"","theme-transparent-header-meta":"","adv-header-id-meta":"","stick-header-meta":"","header-above-stick-meta":"","header-main-stick-meta":"","header-below-stick-meta":""},"aioseo_notices":[],"_links":{"self":[{"href":"https:\/\/hoi.vietbilingual.org\/index.php\/wp-json\/wp\/v2\/pages\/226"}],"collection":[{"href":"https:\/\/hoi.vietbilingual.org\/index.php\/wp-json\/wp\/v2\/pages"}],"about":[{"href":"https:\/\/hoi.vietbilingual.org\/index.php\/wp-json\/wp\/v2\/types\/page"}],"author":[{"embeddable":true,"href":"https:\/\/hoi.vietbilingual.org\/index.php\/wp-json\/wp\/v2\/users\/1"}],"replies":[{"embeddable":true,"href":"https:\/\/hoi.vietbilingual.org\/index.php\/wp-json\/wp\/v2\/comments?post=226"}],"version-history":[{"count":6,"href":"https:\/\/hoi.vietbilingual.org\/index.php\/wp-json\/wp\/v2\/pages\/226\/revisions"}],"predecessor-version":[{"id":536,"href":"https:\/\/hoi.vietbilingual.org\/index.php\/wp-json\/wp\/v2\/pages\/226\/revisions\/536"}],"wp:attachment":[{"href":"https:\/\/hoi.vietbilingual.org\/index.php\/wp-json\/wp\/v2\/media?parent=226"}],"curies":[{"name":"wp","href":"https:\/\/api.w.org\/{rel}","templated":true}]}}