{"id":231,"date":"2022-09-02T00:12:17","date_gmt":"2022-09-02T00:12:17","guid":{"rendered":"https:\/\/hoi.vietbilingual.org\/?page_id=231"},"modified":"2022-10-04T07:11:35","modified_gmt":"2022-10-04T07:11:35","slug":"gian-hang-c","status":"publish","type":"page","link":"https:\/\/hoi.vietbilingual.org\/index.php\/gian-hang-c\/","title":{"rendered":"Gian H\u00e0ng C"},"content":{"rendered":"\t\t<div data-elementor-type=\"wp-page\" data-elementor-id=\"231\" class=\"elementor elementor-231\">\n\t\t\t\t\t\t\t\t\t<section class=\"elementor-section elementor-top-section elementor-element elementor-element-be1304b elementor-section-boxed elementor-section-height-default elementor-section-height-default\" data-id=\"be1304b\" data-element_type=\"section\">\n\t\t\t\t\t\t<div class=\"elementor-container elementor-column-gap-default\">\n\t\t\t\t\t<div class=\"elementor-column elementor-col-100 elementor-top-column elementor-element elementor-element-32ea9c6\" data-id=\"32ea9c6\" data-element_type=\"column\">\n\t\t\t<div class=\"elementor-widget-wrap elementor-element-populated\">\n\t\t\t\t\t\t\t\t<div class=\"elementor-element elementor-element-1052416 elementor-widget elementor-widget-heading\" data-id=\"1052416\" data-element_type=\"widget\" data-widget_type=\"heading.default\">\n\t\t\t\t<div class=\"elementor-widget-container\">\n\t\t\t<style>\/*! elementor - v3.7.8 - 02-10-2022 *\/\n.elementor-heading-title{padding:0;margin:0;line-height:1}.elementor-widget-heading .elementor-heading-title[class*=elementor-size-]>a{color:inherit;font-size:inherit;line-height:inherit}.elementor-widget-heading .elementor-heading-title.elementor-size-small{font-size:15px}.elementor-widget-heading .elementor-heading-title.elementor-size-medium{font-size:19px}.elementor-widget-heading .elementor-heading-title.elementor-size-large{font-size:29px}.elementor-widget-heading .elementor-heading-title.elementor-size-xl{font-size:39px}.elementor-widget-heading .elementor-heading-title.elementor-size-xxl{font-size:59px}<\/style><h1 class=\"elementor-heading-title elementor-size-default\">Th\u01b0 Vi\u1ec7n \u0110\u1ea5t N\u01b0\u1edbc<\/h1>\t\t<\/div>\n\t\t\t\t<\/div>\n\t\t\t\t\t<\/div>\n\t\t<\/div>\n\t\t\t\t\t\t\t<\/div>\n\t\t<\/section>\n\t\t\t\t<section class=\"elementor-section elementor-top-section elementor-element elementor-element-de5b2dc elementor-section-boxed elementor-section-height-default elementor-section-height-default\" data-id=\"de5b2dc\" data-element_type=\"section\">\n\t\t\t\t\t\t<div class=\"elementor-container elementor-column-gap-default\">\n\t\t\t\t\t<div class=\"elementor-column elementor-col-100 elementor-top-column elementor-element elementor-element-b0c3319\" data-id=\"b0c3319\" data-element_type=\"column\">\n\t\t\t<div class=\"elementor-widget-wrap elementor-element-populated\">\n\t\t\t\t\t\t\t\t<div class=\"elementor-element elementor-element-d4917da elementor-widget elementor-widget-text-editor\" data-id=\"d4917da\" data-element_type=\"widget\" data-widget_type=\"text-editor.default\">\n\t\t\t\t<div class=\"elementor-widget-container\">\n\t\t\t<style>\/*! elementor - v3.7.8 - 02-10-2022 *\/\n.elementor-widget-text-editor.elementor-drop-cap-view-stacked .elementor-drop-cap{background-color:#818a91;color:#fff}.elementor-widget-text-editor.elementor-drop-cap-view-framed .elementor-drop-cap{color:#818a91;border:3px solid;background-color:transparent}.elementor-widget-text-editor:not(.elementor-drop-cap-view-default) .elementor-drop-cap{margin-top:8px}.elementor-widget-text-editor:not(.elementor-drop-cap-view-default) .elementor-drop-cap-letter{width:1em;height:1em}.elementor-widget-text-editor .elementor-drop-cap{float:left;text-align:center;line-height:1;font-size:50px}.elementor-widget-text-editor .elementor-drop-cap-letter{display:inline-block}<\/style>\t\t\t\t<h3><strong>Gian H\u00e0ng<\/strong> C<\/h3><p><b>C\u1ea3 Ng\u00e0y<br \/><\/b><\/p><p>C\u00e1c ph\u1ea3n h\u1ed3i c\u1ee7a c\u00e1 nh\u00e2n \u0111\u1ed1i v\u1edbi s\u00e1ch c\u00f3 th\u1ec3 tr\u1edf th\u00e0nh c\u1ea7u n\u1ed1i \u0111\u1ec3 h\u00e0n g\u1eafn trong c\u1ed9ng \u0111\u1ed3ng. L\u1ea5y c\u1ea3m h\u1ee9ng t\u1eeb &#8216;B\u1ee9c th\u01b0 g\u1eedi m\u1eb9 m\u00e0 b\u00e0 kh\u00f4ng bao gi\u1edd \u0111\u1ecdc&#8217; c\u1ee7a Ocean Vuong, bu\u1ed5i h\u1ed9i th\u1ea3o \u0111\u1ecdc b\u1ea5t ch\u1ee3t c\u1ee7a Th\u01b0 vi\u1ec7n \u0110\u1ea5t N\u01b0\u1edbc m\u1eddi nh\u1eefng ng\u01b0\u1eddi tham gia trao \u0111\u1ed5i th\u01b0 t\u1eeb, h\u00ecnh \u1ea3nh v\u00e0 tranh v\u1ebd \u0111\u1ec3 n\u00f3i l\u00ean ti\u1ebfng n\u00f3i c\u1ee7a s\u1ef1 t\u1ed5n th\u01b0\u01a1ng v\u00e0 ph\u1ea3n kh\u00e1ng xung quanh vi\u1ec7c m\u1ea5t m\u00e1t ng\u00f4n ng\u1eef c\u1ed9ng \u0111\u1ed3ng trong c\u1ed9ng \u0111\u1ed3ng ng\u01b0\u1eddi Vi\u1ec7t h\u1ea3i ngo\u1ea1i. H\u00e3y gh\u00e9 qua gian h\u00e0ng c\u1ee7a ch\u00fang t\u00f4i v\u00e0 tr\u1ea3 l\u1eddi m\u1ed9t cu\u1ed1n s\u00e1ch trong b\u1ed9 s\u01b0u t\u1eadp c\u1ee7a ch\u00fang t\u00f4i ho\u1eb7c mang theo m\u1ed9t cu\u1ed1n s\u00e1ch c\u1ee7a ri\u00eang qu\u00fd v\u1ecb \u0111\u1ec3 gi\u00fap chia s\u1ebb c\u00e2u chuy\u1ec7n c\u1ee7a qu\u00fd v\u1ecb v\u1edbi ch\u00fang t\u00f4i..<\/p>\t\t\t\t\t\t<\/div>\n\t\t\t\t<\/div>\n\t\t\t\t\t<\/div>\n\t\t<\/div>\n\t\t\t\t\t\t\t<\/div>\n\t\t<\/section>\n\t\t\t\t<section class=\"elementor-section elementor-top-section elementor-element elementor-element-45a64ca elementor-section-boxed elementor-section-height-default elementor-section-height-default\" data-id=\"45a64ca\" data-element_type=\"section\">\n\t\t\t\t\t\t<div class=\"elementor-container elementor-column-gap-default\">\n\t\t\t\t\t<div class=\"elementor-column elementor-col-33 elementor-top-column elementor-element elementor-element-1bc245f\" data-id=\"1bc245f\" data-element_type=\"column\">\n\t\t\t<div class=\"elementor-widget-wrap elementor-element-populated\">\n\t\t\t\t\t\t\t\t<div class=\"elementor-element elementor-element-2468e85 elementor-widget elementor-widget-image\" data-id=\"2468e85\" data-element_type=\"widget\" data-widget_type=\"image.default\">\n\t\t\t\t<div class=\"elementor-widget-container\">\n\t\t\t<style>\/*! elementor - v3.7.8 - 02-10-2022 *\/\n.elementor-widget-image{text-align:center}.elementor-widget-image a{display:inline-block}.elementor-widget-image a img[src$=\".svg\"]{width:48px}.elementor-widget-image img{vertical-align:middle;display:inline-block}<\/style>\t\t\t\t\t\t\t\t\t\t\t\t<img width=\"300\" height=\"300\" src=\"https:\/\/hoi.vietbilingual.org\/wp-content\/uploads\/2022\/08\/DNL-Logo-02-300x300.jpg\" class=\"attachment-medium size-medium\" alt=\"\" loading=\"lazy\" srcset=\"https:\/\/hoi.vietbilingual.org\/wp-content\/uploads\/2022\/08\/DNL-Logo-02-300x300.jpg 300w, https:\/\/hoi.vietbilingual.org\/wp-content\/uploads\/2022\/08\/DNL-Logo-02-150x150.jpg 150w, https:\/\/hoi.vietbilingual.org\/wp-content\/uploads\/2022\/08\/DNL-Logo-02.jpg 646w\" sizes=\"(max-width: 300px) 100vw, 300px\" \/>\t\t\t\t\t\t\t\t\t\t\t\t\t\t\t<\/div>\n\t\t\t\t<\/div>\n\t\t\t\t\t<\/div>\n\t\t<\/div>\n\t\t\t\t<div class=\"elementor-column elementor-col-66 elementor-top-column elementor-element elementor-element-794abd9\" data-id=\"794abd9\" data-element_type=\"column\">\n\t\t\t<div class=\"elementor-widget-wrap elementor-element-populated\">\n\t\t\t\t\t\t\t\t<div class=\"elementor-element elementor-element-141d856 elementor-widget elementor-widget-text-editor\" data-id=\"141d856\" data-element_type=\"widget\" data-widget_type=\"text-editor.default\">\n\t\t\t\t<div class=\"elementor-widget-container\">\n\t\t\t\t\t\t\t<h3><strong>Th\u01b0 Vi\u1ec7n \u0110\u1ea5t N\u01b0\u1edbc<br \/><\/strong><\/h3><p>Th\u01b0 vi\u1ec7n \u0110\u1ea5t N\u01b0\u1edbc l\u00e0 m\u1ed9t b\u1ed9 s\u01b0u t\u1eadp do c\u1ed9ng \u0111\u1ed3ng tuy\u1ec3n ch\u1ecdn t\u1eeb Vi\u1ec7t Nam v\u00e0 c\u1ed9ng \u0111\u1ed3ng ng\u01b0\u1eddi Vi\u1ec7t tha h\u01b0\u01a1ng. Th\u01b0 vi\u1ec7n nh\u1eb1m m\u1ee5c \u0111\u00edch khuy\u1ebfn kh\u00edch vi\u1ec7c \u0111\u1ecdc vi\u1ebft t\u1eadp th\u1ec3, ph\u00e1t tri\u1ec3n c\u00e1c kho l\u01b0u tr\u1eef \u0111\u01b0\u1ee3c chia s\u1ebb v\u00e0 t\u1ea1o ra m\u1ed9t c\u1ed9ng \u0111\u1ed3ng k\u1ebft n\u1ed1i v\u0103n h\u00f3a h\u01a1n qua vi\u1ec7c cung c\u1ea5p quy\u1ec1n truy c\u1eadp v\u00e0o c\u00e1c ch\u01b0\u01a1ng tr\u00ecnh chuy\u00ean bi\u1ec7t v\u00e0 m\u1ed9t b\u1ed9 s\u01b0u t\u1eadp s\u00e1ch t\u1eadp trung con ng\u01b0\u1eddi v\u00e0 ti\u1ebfng n\u00f3i tr\u00ean nhi\u1ec1u tr\u1ea3i nghi\u1ec7m c\u1ee7a ng\u01b0\u1eddi Vi\u1ec7t Nam.<\/p>\t\t\t\t\t\t<\/div>\n\t\t\t\t<\/div>\n\t\t\t\t\t<\/div>\n\t\t<\/div>\n\t\t\t\t\t\t\t<\/div>\n\t\t<\/section>\n\t\t\t\t<section class=\"elementor-section elementor-top-section elementor-element elementor-element-6f612b5 elementor-section-boxed elementor-section-height-default elementor-section-height-default\" data-id=\"6f612b5\" data-element_type=\"section\">\n\t\t\t\t\t\t<div class=\"elementor-container elementor-column-gap-default\">\n\t\t\t\t\t<div class=\"elementor-column elementor-col-100 elementor-top-column elementor-element elementor-element-8f30fb3\" data-id=\"8f30fb3\" data-element_type=\"column\">\n\t\t\t<div class=\"elementor-widget-wrap elementor-element-populated\">\n\t\t\t\t\t\t\t\t<div class=\"elementor-element elementor-element-8e81986 elementor-widget elementor-widget-text-editor\" data-id=\"8e81986\" data-element_type=\"widget\" data-widget_type=\"text-editor.default\">\n\t\t\t\t<div class=\"elementor-widget-container\">\n\t\t\t\t\t\t\t<h3><a href=\"https:\/\/hoi.vietbilingual.org\/index.php\/gian-hang-a\/\"><strong>Gian H\u00e0ng<\/strong> A<\/a><\/h3><h3><a href=\"https:\/\/hoi.vietbilingual.org\/index.php\/gian-hang-b\/\"><strong>Gian H\u00e0ng<\/strong> B <\/a><\/h3><h3><a href=\"https:\/\/hoi.vietbilingual.org\/index.php\/su-tham-gia\/\"><strong>S\u1ef1 Tham Gia<\/strong><\/a><\/h3>\t\t\t\t\t\t<\/div>\n\t\t\t\t<\/div>\n\t\t\t\t\t<\/div>\n\t\t<\/div>\n\t\t\t\t\t\t\t<\/div>\n\t\t<\/section>\n\t\t\t\t\t\t\t<\/div>\n\t\t","protected":false},"excerpt":{"rendered":"<p>Th\u01b0 Vi\u1ec7n \u0110\u1ea5t N\u01b0\u1edbc Gian H\u00e0ng C C\u1ea3 Ng\u00e0y C\u00e1c ph\u1ea3n h\u1ed3i c\u1ee7a c\u00e1 nh\u00e2n \u0111\u1ed1i v\u1edbi s\u00e1ch c\u00f3 th\u1ec3 tr\u1edf th\u00e0nh c\u1ea7u n\u1ed1i \u0111\u1ec3 h\u00e0n g\u1eafn trong c\u1ed9ng \u0111\u1ed3ng. L\u1ea5y c\u1ea3m h\u1ee9ng t\u1eeb &#8216;B\u1ee9c th\u01b0 g\u1eedi m\u1eb9 m\u00e0 b\u00e0 kh\u00f4ng bao gi\u1edd \u0111\u1ecdc&#8217; c\u1ee7a Ocean Vuong, bu\u1ed5i h\u1ed9i th\u1ea3o \u0111\u1ecdc b\u1ea5t ch\u1ee3t c\u1ee7a Th\u01b0 &hellip;<\/p>\n<p class=\"read-more\"> <a class=\"\" href=\"https:\/\/hoi.vietbilingual.org\/index.php\/gian-hang-c\/\"> <span class=\"screen-reader-text\">Gian H\u00e0ng C<\/span> Read More &raquo;<\/a><\/p>\n","protected":false},"author":1,"featured_media":0,"parent":0,"menu_order":0,"comment_status":"closed","ping_status":"closed","template":"elementor_header_footer","meta":{"om_disable_all_campaigns":false,"_monsterinsights_skip_tracking":false,"_monsterinsights_sitenote_active":false,"_monsterinsights_sitenote_note":"","_monsterinsights_sitenote_category":0,"site-sidebar-layout":"default","site-content-layout":"default","ast-global-header-display":"","ast-main-header-display":"","ast-hfb-above-header-display":"","ast-hfb-below-header-display":"","ast-hfb-mobile-header-display":"","site-post-title":"","ast-breadcrumbs-content":"","ast-featured-img":"","footer-sml-layout":"","theme-transparent-header-meta":"","adv-header-id-meta":"","stick-header-meta":"","header-above-stick-meta":"","header-main-stick-meta":"","header-below-stick-meta":""},"aioseo_notices":[],"_links":{"self":[{"href":"https:\/\/hoi.vietbilingual.org\/index.php\/wp-json\/wp\/v2\/pages\/231"}],"collection":[{"href":"https:\/\/hoi.vietbilingual.org\/index.php\/wp-json\/wp\/v2\/pages"}],"about":[{"href":"https:\/\/hoi.vietbilingual.org\/index.php\/wp-json\/wp\/v2\/types\/page"}],"author":[{"embeddable":true,"href":"https:\/\/hoi.vietbilingual.org\/index.php\/wp-json\/wp\/v2\/users\/1"}],"replies":[{"embeddable":true,"href":"https:\/\/hoi.vietbilingual.org\/index.php\/wp-json\/wp\/v2\/comments?post=231"}],"version-history":[{"count":0,"href":"https:\/\/hoi.vietbilingual.org\/index.php\/wp-json\/wp\/v2\/pages\/231\/revisions"}],"wp:attachment":[{"href":"https:\/\/hoi.vietbilingual.org\/index.php\/wp-json\/wp\/v2\/media?parent=231"}],"curies":[{"name":"wp","href":"https:\/\/api.w.org\/{rel}","templated":true}]}}