{"id":236,"date":"2022-09-02T00:17:13","date_gmt":"2022-09-02T00:17:13","guid":{"rendered":"https:\/\/hoi.vietbilingual.org\/?page_id=236"},"modified":"2022-10-04T07:13:05","modified_gmt":"2022-10-04T07:13:05","slug":"su-tham-gia","status":"publish","type":"page","link":"https:\/\/hoi.vietbilingual.org\/index.php\/su-tham-gia\/","title":{"rendered":"S\u1ef1 Tham Gia"},"content":{"rendered":"\t\t<div data-elementor-type=\"wp-page\" data-elementor-id=\"236\" class=\"elementor elementor-236\">\n\t\t\t\t\t\t\t\t\t<section class=\"elementor-section elementor-top-section elementor-element elementor-element-be1304b elementor-section-boxed elementor-section-height-default elementor-section-height-default\" data-id=\"be1304b\" data-element_type=\"section\">\n\t\t\t\t\t\t<div class=\"elementor-container elementor-column-gap-default\">\n\t\t\t\t\t<div class=\"elementor-column elementor-col-100 elementor-top-column elementor-element elementor-element-32ea9c6\" data-id=\"32ea9c6\" data-element_type=\"column\">\n\t\t\t<div class=\"elementor-widget-wrap elementor-element-populated\">\n\t\t\t\t\t\t\t\t<div class=\"elementor-element elementor-element-1052416 elementor-widget elementor-widget-heading\" data-id=\"1052416\" data-element_type=\"widget\" data-widget_type=\"heading.default\">\n\t\t\t\t<div class=\"elementor-widget-container\">\n\t\t\t<style>\/*! elementor - v3.7.8 - 02-10-2022 *\/\n.elementor-heading-title{padding:0;margin:0;line-height:1}.elementor-widget-heading .elementor-heading-title[class*=elementor-size-]>a{color:inherit;font-size:inherit;line-height:inherit}.elementor-widget-heading .elementor-heading-title.elementor-size-small{font-size:15px}.elementor-widget-heading .elementor-heading-title.elementor-size-medium{font-size:19px}.elementor-widget-heading .elementor-heading-title.elementor-size-large{font-size:29px}.elementor-widget-heading .elementor-heading-title.elementor-size-xl{font-size:39px}.elementor-widget-heading .elementor-heading-title.elementor-size-xxl{font-size:59px}<\/style><h1 class=\"elementor-heading-title elementor-size-default\">Gian H\u00e0ng Podcast<\/h1>\t\t<\/div>\n\t\t\t\t<\/div>\n\t\t\t\t\t<\/div>\n\t\t<\/div>\n\t\t\t\t\t\t\t<\/div>\n\t\t<\/section>\n\t\t\t\t<section class=\"elementor-section elementor-top-section elementor-element elementor-element-de5b2dc elementor-section-boxed elementor-section-height-default elementor-section-height-default\" data-id=\"de5b2dc\" data-element_type=\"section\">\n\t\t\t\t\t\t<div class=\"elementor-container elementor-column-gap-default\">\n\t\t\t\t\t<div class=\"elementor-column elementor-col-100 elementor-top-column elementor-element elementor-element-b0c3319\" data-id=\"b0c3319\" data-element_type=\"column\">\n\t\t\t<div class=\"elementor-widget-wrap elementor-element-populated\">\n\t\t\t\t\t\t\t\t<div class=\"elementor-element elementor-element-d4917da elementor-widget elementor-widget-text-editor\" data-id=\"d4917da\" data-element_type=\"widget\" data-widget_type=\"text-editor.default\">\n\t\t\t\t<div class=\"elementor-widget-container\">\n\t\t\t<style>\/*! elementor - v3.7.8 - 02-10-2022 *\/\n.elementor-widget-text-editor.elementor-drop-cap-view-stacked .elementor-drop-cap{background-color:#818a91;color:#fff}.elementor-widget-text-editor.elementor-drop-cap-view-framed .elementor-drop-cap{color:#818a91;border:3px solid;background-color:transparent}.elementor-widget-text-editor:not(.elementor-drop-cap-view-default) .elementor-drop-cap{margin-top:8px}.elementor-widget-text-editor:not(.elementor-drop-cap-view-default) .elementor-drop-cap-letter{width:1em;height:1em}.elementor-widget-text-editor .elementor-drop-cap{float:left;text-align:center;line-height:1;font-size:50px}.elementor-widget-text-editor .elementor-drop-cap-letter{display:inline-block}<\/style>\t\t\t\t<h3><strong>S\u1ef1 Tham Gia<br \/><\/strong><\/h3><p><b>C\u1ea3 Ng\u00e0y<br \/><\/b><\/p><p>Kh\u00e1ch \u0111\u01b0\u1ee3c m\u1eddi ghi l\u1ea1i cu\u1ed9c tr\u00f2 chuy\u1ec7n c\u1ee7a m\u00ecnh v\u1edbi m\u1ed9t th\u00e0nh vi\u00ean trong gia \u0111\u00ecnh ho\u1eb7c b\u1ea1n b\u00e8 t\u1ea1i gian h\u00e0ng podcast c\u1ee7a ch\u00fang t\u00f4i v\u1ec1 ch\u1ee7 \u0111\u1ec1 \u201cL\u1edbn l\u00ean trong m\u00f4i tr\u01b0\u1eddng song ng\u1eef \u1edf \u00dac\u201d, ho\u1eb7c m\u1ed9t ch\u1ee7 \u0111\u1ec1 li\u00ean quan. C\u00e1c th\u1ebb nh\u1eafc nh\u1edf s\u1ebd c\u00f3 s\u1eb5n ho\u1eb7c qu\u00fd v\u1ecb c\u00f3 th\u1ec3 n\u00f3i chuy\u1ec7n mi\u1ec5n ph\u00ed v\u1ec1 ng\u00f4n ng\u1eef v\u00e0 tr\u1ea3i nghi\u1ec7m c\u1ed9ng \u0111\u1ed3ng c\u1ee7a qu\u00fd v\u1ecb.<\/p>\t\t\t\t\t\t<\/div>\n\t\t\t\t<\/div>\n\t\t\t\t\t<\/div>\n\t\t<\/div>\n\t\t\t\t\t\t\t<\/div>\n\t\t<\/section>\n\t\t\t\t<section class=\"elementor-section elementor-top-section elementor-element elementor-element-45a64ca elementor-section-boxed elementor-section-height-default elementor-section-height-default\" data-id=\"45a64ca\" data-element_type=\"section\">\n\t\t\t\t\t\t<div class=\"elementor-container elementor-column-gap-default\">\n\t\t\t\t\t<div class=\"elementor-column elementor-col-33 elementor-top-column elementor-element elementor-element-1bc245f\" data-id=\"1bc245f\" data-element_type=\"column\">\n\t\t\t<div class=\"elementor-widget-wrap elementor-element-populated\">\n\t\t\t\t\t\t\t\t<div class=\"elementor-element elementor-element-2468e85 elementor-widget elementor-widget-image\" data-id=\"2468e85\" data-element_type=\"widget\" data-widget_type=\"image.default\">\n\t\t\t\t<div class=\"elementor-widget-container\">\n\t\t\t<style>\/*! elementor - v3.7.8 - 02-10-2022 *\/\n.elementor-widget-image{text-align:center}.elementor-widget-image a{display:inline-block}.elementor-widget-image a img[src$=\".svg\"]{width:48px}.elementor-widget-image img{vertical-align:middle;display:inline-block}<\/style>\t\t\t\t\t\t\t\t\t\t\t\t<img width=\"300\" height=\"300\" src=\"https:\/\/hoi.vietbilingual.org\/wp-content\/uploads\/2022\/08\/podcast-tile-300x300.png\" class=\"attachment-medium size-medium\" alt=\"\" loading=\"lazy\" srcset=\"https:\/\/hoi.vietbilingual.org\/wp-content\/uploads\/2022\/08\/podcast-tile-300x300.png 300w, https:\/\/hoi.vietbilingual.org\/wp-content\/uploads\/2022\/08\/podcast-tile-150x150.png 150w, https:\/\/hoi.vietbilingual.org\/wp-content\/uploads\/2022\/08\/podcast-tile.png 676w\" sizes=\"(max-width: 300px) 100vw, 300px\" \/>\t\t\t\t\t\t\t\t\t\t\t\t\t\t\t<\/div>\n\t\t\t\t<\/div>\n\t\t\t\t\t<\/div>\n\t\t<\/div>\n\t\t\t\t<div class=\"elementor-column elementor-col-66 elementor-top-column elementor-element elementor-element-794abd9\" data-id=\"794abd9\" data-element_type=\"column\">\n\t\t\t<div class=\"elementor-widget-wrap elementor-element-populated\">\n\t\t\t\t\t\t\t\t<div class=\"elementor-element elementor-element-141d856 elementor-widget elementor-widget-text-editor\" data-id=\"141d856\" data-element_type=\"widget\" data-widget_type=\"text-editor.default\">\n\t\t\t\t<div class=\"elementor-widget-container\">\n\t\t\t\t\t\t\t<h3><strong>Podcast<br><\/strong><\/h3>\n<p><i>L\u1edbn L\u00ean Trong M\u00f4i Tr\u01b0\u1eddng Song Ng\u1eef \u1ede \u00dac<\/i> l\u00e0 m\u1ed9t chu\u1ed7i podcast theo d\u00f5i cu\u1ed9c s\u1ed1ng v\u00e0 tr\u1ea3i nghi\u1ec7m c\u1ee7a c\u00e1c gia \u0111\u00ecnh Vi\u1ec7t Nam mu\u1ed1n duy tr\u00ec ng\u00f4n ng\u1eef v\u00e0 v\u0103n h\u00f3a di s\u1ea3n c\u1ee7a h\u1ecd trong t\u01b0 duy \u0111\u01a1n ng\u1eef c\u1ee7a \u00dac. L\u1edbn l\u00ean trong m\u00f4i tr\u01b0\u1eddng song ng\u1eef t\u1ea1i \u00dac l\u00e0 chu\u1ed7i ch\u01b0\u01a1ng tr\u00ecnh \u0111\u01b0\u1ee3c t\u1ed5 ch\u1ee9c b\u1eb1ng ti\u1ebfng Vi\u1ec7t v\u00e0 ti\u1ebfng Anh do Vi\u1ec7tSpeak ph\u1ed1i h\u1ee3p v\u1edbi c\u00e1c ngh\u1ec7 s\u0129 Vi\u1ec7t \u00dac s\u1ea3n xu\u1ea5t.<\/p>\n<p>Trong ch\u01b0\u01a1ng tr\u00ecnh th\u00ed \u0111i\u1ec3m hai t\u1eadp c\u1ee7a ch\u00fang t\u00f4i, ng\u01b0\u1eddi d\u1eabn ch\u01b0\u01a1ng tr\u00ecnh Chi Vu n\u00f3i chuy\u1ec7n v\u1edbi c\u00e1c gia \u0111\u00ecnh Vi\u1ec7t Nam \u1edf v\u00f9ng ngo\u1ea1i \u00f4 ph\u00eda t\u00e2y Melbourne. Ch\u00fang t\u00f4i kh\u00e1m ph\u00e1 c\u1ea3m gi\u00e1c c\u1ee7a vi\u1ec7c s\u1eed d\u1ee5ng song ng\u1eef \u1edf \u00dac. Ch\u00fang t\u00f4i nghe v\u1ec1 nh\u1eefng \u0111i\u1ec1u th\u00fac \u0111\u1ea9y tr\u1ebb em, cha m\u1eb9 v\u00e0 \u00f4ng b\u00e0 h\u1ecdc h\u1ecfi v\u00e0 duy tr\u00ec m\u1ed9t ng\u00f4n ng\u1eef b\u1eaft ngu\u1ed3n t\u1eeb b\u1ea3n s\u1eafc c\u1ee7a h\u1ecd. Ch\u00fang t\u00f4i c\u0169ng h\u1ecdc \u0111\u01b0\u1ee3c nh\u1eefng n\u1ed7 l\u1ef1c \u0111\u1ec3 truy\u1ec1n \u0111\u1ea1t m\u1ed9t ng\u00f4n ng\u1eef \u0111\u01b0\u1ee3c s\u1eed d\u1ee5ng nhi\u1ec1u nh\u1ea5t \u1edf nh\u00e0 \u1edf \u00dac nh\u01b0ng kh\u00f4ng \u0111\u01b0\u1ee3c d\u1ea1y ph\u1ed5 bi\u1ebfn trong tr\u01b0\u1eddng h\u1ecdc.<\/p>\t\t\t\t\t\t<\/div>\n\t\t\t\t<\/div>\n\t\t\t\t\t<\/div>\n\t\t<\/div>\n\t\t\t\t\t\t\t<\/div>\n\t\t<\/section>\n\t\t\t\t<section class=\"elementor-section elementor-top-section elementor-element elementor-element-822d62f elementor-section-boxed elementor-section-height-default elementor-section-height-default\" data-id=\"822d62f\" data-element_type=\"section\">\n\t\t\t\t\t\t<div class=\"elementor-container elementor-column-gap-default\">\n\t\t\t\t\t<div class=\"elementor-column elementor-col-100 elementor-top-column elementor-element elementor-element-fc11436\" data-id=\"fc11436\" data-element_type=\"column\">\n\t\t\t<div class=\"elementor-widget-wrap elementor-element-populated\">\n\t\t\t\t\t\t\t\t<div class=\"elementor-element elementor-element-1ff1b8e elementor-widget elementor-widget-text-editor\" data-id=\"1ff1b8e\" data-element_type=\"widget\" data-widget_type=\"text-editor.default\">\n\t\t\t\t<div class=\"elementor-widget-container\">\n\t\t\t\t\t\t\t<h3><a href=\"https:\/\/hoi.vietbilingual.org\/index.php\/gian-hang-a\/\"><strong>Gian H\u00e0ng<\/strong> A<\/a><\/h3><h3><a href=\"https:\/\/hoi.vietbilingual.org\/index.php\/gian-hang-b\/\"><strong>Gian H\u00e0ng<\/strong> B <\/a><\/h3><h3><a href=\"https:\/\/hoi.vietbilingual.org\/index.php\/gian-hang-c\/\"><strong>Gian H\u00e0ng<\/strong> C<\/a><\/h3>\t\t\t\t\t\t<\/div>\n\t\t\t\t<\/div>\n\t\t\t\t\t<\/div>\n\t\t<\/div>\n\t\t\t\t\t\t\t<\/div>\n\t\t<\/section>\n\t\t\t\t\t\t\t<\/div>\n\t\t","protected":false},"excerpt":{"rendered":"<p>Gian H\u00e0ng Podcast S\u1ef1 Tham Gia C\u1ea3 Ng\u00e0y Kh\u00e1ch \u0111\u01b0\u1ee3c m\u1eddi ghi l\u1ea1i cu\u1ed9c tr\u00f2 chuy\u1ec7n c\u1ee7a m\u00ecnh v\u1edbi m\u1ed9t th\u00e0nh vi\u00ean trong gia \u0111\u00ecnh ho\u1eb7c b\u1ea1n b\u00e8 t\u1ea1i gian h\u00e0ng podcast c\u1ee7a ch\u00fang t\u00f4i v\u1ec1 ch\u1ee7 \u0111\u1ec1 \u201cL\u1edbn l\u00ean trong m\u00f4i tr\u01b0\u1eddng song ng\u1eef \u1edf \u00dac\u201d, ho\u1eb7c m\u1ed9t ch\u1ee7 \u0111\u1ec1 li\u00ean quan. C\u00e1c th\u1ebb &hellip;<\/p>\n<p class=\"read-more\"> <a class=\"\" href=\"https:\/\/hoi.vietbilingual.org\/index.php\/su-tham-gia\/\"> <span class=\"screen-reader-text\">S\u1ef1 Tham Gia<\/span> Read More &raquo;<\/a><\/p>\n","protected":false},"author":1,"featured_media":0,"parent":0,"menu_order":0,"comment_status":"closed","ping_status":"closed","template":"elementor_header_footer","meta":{"om_disable_all_campaigns":false,"_monsterinsights_skip_tracking":false,"_monsterinsights_sitenote_active":false,"_monsterinsights_sitenote_note":"","_monsterinsights_sitenote_category":0,"site-sidebar-layout":"default","site-content-layout":"default","ast-global-header-display":"","ast-main-header-display":"","ast-hfb-above-header-display":"","ast-hfb-below-header-display":"","ast-hfb-mobile-header-display":"","site-post-title":"","ast-breadcrumbs-content":"","ast-featured-img":"","footer-sml-layout":"","theme-transparent-header-meta":"","adv-header-id-meta":"","stick-header-meta":"","header-above-stick-meta":"","header-main-stick-meta":"","header-below-stick-meta":""},"aioseo_notices":[],"_links":{"self":[{"href":"https:\/\/hoi.vietbilingual.org\/index.php\/wp-json\/wp\/v2\/pages\/236"}],"collection":[{"href":"https:\/\/hoi.vietbilingual.org\/index.php\/wp-json\/wp\/v2\/pages"}],"about":[{"href":"https:\/\/hoi.vietbilingual.org\/index.php\/wp-json\/wp\/v2\/types\/page"}],"author":[{"embeddable":true,"href":"https:\/\/hoi.vietbilingual.org\/index.php\/wp-json\/wp\/v2\/users\/1"}],"replies":[{"embeddable":true,"href":"https:\/\/hoi.vietbilingual.org\/index.php\/wp-json\/wp\/v2\/comments?post=236"}],"version-history":[{"count":0,"href":"https:\/\/hoi.vietbilingual.org\/index.php\/wp-json\/wp\/v2\/pages\/236\/revisions"}],"wp:attachment":[{"href":"https:\/\/hoi.vietbilingual.org\/index.php\/wp-json\/wp\/v2\/media?parent=236"}],"curies":[{"name":"wp","href":"https:\/\/api.w.org\/{rel}","templated":true}]}}